{"id":12,"date":"2024-06-17T12:55:32","date_gmt":"2024-06-17T10:55:32","guid":{"rendered":"http:\/\/www.delygoldn.com\/?page_id=12"},"modified":"2024-08-10T00:58:12","modified_gmt":"2024-08-09T22:58:12","slug":"delygoldn-com-contact-nhesiter-pas-a-nous-contacter","status":"publish","type":"page","link":"https:\/\/www.delygoldn.com\/index.php\/delygoldn-com-contact-nhesiter-pas-a-nous-contacter\/","title":{"rendered":"Contact"},"content":{"rendered":"\t\t<div data-elementor-type=\"wp-page\" data-elementor-id=\"12\" class=\"elementor elementor-12\">\n\t\t\t\t<div class=\"elementor-element elementor-element-a2f0fb6 e-flex e-con-boxed e-con e-parent\" data-id=\"a2f0fb6\" data-element_type=\"container\" data-e-type=\"container\">\n\t\t\t\t\t<div class=\"e-con-inner\">\n\t\t<div class=\"elementor-element elementor-element-b0dc44f e-con-full e-flex e-con e-child\" data-id=\"b0dc44f\" data-element_type=\"container\" data-e-type=\"container\">\n\t\t\t\t<div class=\"elementor-element elementor-element-9c84e22 elementor-widget__width-initial elementor-widget elementor-widget-text-editor\" data-id=\"9c84e22\" data-element_type=\"widget\" data-e-type=\"widget\" data-widget_type=\"text-editor.default\">\n\t\t\t\t<div class=\"elementor-widget-container\">\n\t\t\t\t\t\t\t\t\t<p>N&rsquo;h\u00e9sitez pas \u00e0 nous contacter !<\/p>\t\t\t\t\t\t\t\t<\/div>\n\t\t\t\t<\/div>\n\t\t\t\t<\/div>\n\t\t<div class=\"elementor-element elementor-element-c0d0a7a e-con-full e-flex e-con e-child\" data-id=\"c0d0a7a\" data-element_type=\"container\" data-e-type=\"container\">\n\t\t\t\t<div class=\"elementor-element elementor-element-951745e elementor-widget elementor-widget-wp-widget-ninja_forms_widget\" data-id=\"951745e\" data-element_type=\"widget\" data-e-type=\"widget\" data-widget_type=\"wp-widget-ninja_forms_widget.default\">\n\t\t\t\t<div class=\"elementor-widget-container\">\n\t\t\t\t\t<noscript class=\"ninja-forms-noscript-message\">\n\tRemarque\u00a0: JavaScript est requis pour ce contenu.<\/noscript>\n<div id=\"nf-form-3-cont\" class=\"nf-form-cont\" aria-live=\"polite\" aria-labelledby=\"nf-form-title-3\" aria-describedby=\"nf-form-errors-3\" role=\"form\">\n\n    <div class=\"nf-loading-spinner\"><\/div>\n\n<\/div>\n        <!-- That data is being printed as a workaround to page builders reordering the order of the scripts loaded-->\n        <script>var formDisplay=1;var nfForms=nfForms||[];var form=[];form.id='3';form.settings={\"objectType\":\"Form Setting\",\"editActive\":true,\"title\":\"Contact\",\"show_title\":0,\"allow_public_link\":0,\"embed_form\":\"\",\"clear_complete\":1,\"hide_complete\":1,\"default_label_pos\":\"above\",\"wrapper_class\":\"\",\"element_class\":\"\",\"form_title_heading_level\":\"3\",\"key\":\"\",\"add_submit\":0,\"changeEmailErrorMsg\":\"Veuillez saisir une adresse de messagerie valide. Ex\\u00a0: jean.dupont@gmail.com\",\"changeDateErrorMsg\":\"Veuillez saisir une date valide\\u00a0!\",\"confirmFieldErrorMsg\":\"Ces champs doivent correspondre\\u00a0!\",\"fieldNumberNumMinError\":\"Erreur de nombre min.\",\"fieldNumberNumMaxError\":\"Erreur de nombre max.\",\"fieldNumberIncrementBy\":\"Veuillez incr\\u00e9menter par \",\"formErrorsCorrectErrors\":\"Veuillez corriger les erreurs avant d\\u2019envoyer ce formulaire.\",\"validateRequiredField\":\"Ce champ est obligatoire.\",\"honeypotHoneypotError\":\"Erreur Honeypot\",\"fieldsMarkedRequired\":\"Les champs marqu\\u00e9s d\\u2019un <span class=\\\"ninja-forms-req-symbol\\\">*<\\\/span> sont obligatoires\",\"currency\":\"\",\"unique_field_error\":\"Un formulaire avec cette valeur a d\\u00e9j\\u00e0 \\u00e9t\\u00e9 envoy\\u00e9.\",\"logged_in\":false,\"not_logged_in_msg\":\"\",\"sub_limit_msg\":\"Le formulaire a atteint sa limite d\\u2019entr\\u00e9es.\",\"calculations\":[],\"formContentData\":[\"prenom_nom_1719340605553\",\"societe_1719340738912\",\"e-mail_1719340895914\",\"phone_1719341134696\",\"votre_message_1719341398765\",\"submit_1719341441538\"],\"drawerDisabled\":false,\"ninjaForms\":\"Ninja Forms\",\"fieldTextareaRTEInsertLink\":\"Ins\\u00e9rer un lien\",\"fieldTextareaRTEInsertMedia\":\"Ins\\u00e9rer un m\\u00e9dia\",\"fieldTextareaRTESelectAFile\":\"S\\u00e9lectionnez un fichier\",\"formHoneypot\":\"Si vous \\u00eates un \\u00eatre humain et que vous voyez ce champ, veuillez le laisser vide.\",\"fileUploadOldCodeFileUploadInProgress\":\"T\\u00e9l\\u00e9versement du fichier en cours.\",\"fileUploadOldCodeFileUpload\":\"T\\u00c9L\\u00c9VERSEMENT DE FICHIER\",\"currencySymbol\":false,\"thousands_sep\":\"\\u00a0\",\"decimal_point\":\",\",\"siteLocale\":\"fr_FR\",\"dateFormat\":\"m\\\/d\\\/Y\",\"startOfWeek\":\"1\",\"of\":\"sur\",\"previousMonth\":\"Mois pr\\u00e9c\\u00e9dent\",\"nextMonth\":\"Mois suivant\",\"months\":[\"Janvier\",\"F\\u00e9vrier\",\"Mars\",\"Avril\",\"Mai\",\"Juin\",\"Juillet\",\"Ao\\u00fbt\",\"Septembre\",\"Octobre\",\"Novembre\",\"D\\u00e9cembre\"],\"monthsShort\":[\"Jan\",\"F\\u00e9v\",\"Mar\",\"Avr\",\"Mai\",\"Juin\",\"Juil\",\"Ao\\u00fb\",\"Sep\",\"Oct\",\"Nov\",\"D\\u00e9c\"],\"weekdays\":[\"Dimanche\",\"Lundi\",\"Mardi\",\"Mercredi\",\"Jeudi\",\"Vendredi\",\"Samedi\"],\"weekdaysShort\":[\"Dim\",\"Lun\",\"Mar\",\"Mer\",\"Jeu\",\"Ven\",\"Sam\"],\"weekdaysMin\":[\"Di\",\"Lu\",\"Ma\",\"Me\",\"Je\",\"Ve\",\"Sa\"],\"recaptchaConsentMissing\":\"reCaptcha validation couldn&#039;t load.\",\"recaptchaMissingCookie\":\"reCaptcha v3 validation couldn&#039;t load the cookie needed to submit the form.\",\"recaptchaConsentEvent\":\"Accept reCaptcha cookies before sending the form.\",\"currency_symbol\":\"\",\"beforeForm\":\"\",\"beforeFields\":\"\",\"afterFields\":\"\",\"afterForm\":\"\"};form.fields=[{\"objectType\":\"Field\",\"objectDomain\":\"fields\",\"editActive\":false,\"order\":1,\"idAttribute\":\"id\",\"type\":\"textbox\",\"label\":\"Pr\\u00e9nom\\\/Nom\",\"key\":\"prenom_nom_1719340605553\",\"label_pos\":\"above\",\"required\":1,\"default\":\"\",\"placeholder\":\"\",\"container_class\":\"\",\"element_class\":\"\",\"input_limit\":\"\",\"input_limit_type\":\"characters\",\"input_limit_msg\":\"Caract\\u00e8re(s) restant(s)\",\"manual_key\":false,\"admin_label\":\"\",\"help_text\":\"\",\"mask\":\"\",\"custom_mask\":\"\",\"custom_name_attribute\":\"\",\"personally_identifiable\":\"\",\"value\":\"\",\"drawerDisabled\":false,\"id\":10,\"beforeField\":\"\",\"afterField\":\"\",\"parentType\":\"textbox\",\"element_templates\":[\"textbox\",\"input\"],\"old_classname\":\"\",\"wrap_template\":\"wrap\"},{\"objectType\":\"Field\",\"objectDomain\":\"fields\",\"editActive\":false,\"order\":2,\"idAttribute\":\"id\",\"type\":\"textbox\",\"label\":\"Soci\\u00e9t\\u00e9\",\"key\":\"societe_1719340738912\",\"label_pos\":\"above\",\"required\":false,\"default\":\"\",\"placeholder\":\"\",\"container_class\":\"\",\"element_class\":\"\",\"input_limit\":\"\",\"input_limit_type\":\"characters\",\"input_limit_msg\":\"Caract\\u00e8re(s) restant(s)\",\"manual_key\":false,\"admin_label\":\"\",\"help_text\":\"\",\"mask\":\"\",\"custom_mask\":\"\",\"custom_name_attribute\":\"\",\"personally_identifiable\":\"\",\"value\":\"\",\"drawerDisabled\":false,\"id\":11,\"beforeField\":\"\",\"afterField\":\"\",\"parentType\":\"textbox\",\"element_templates\":[\"textbox\",\"input\"],\"old_classname\":\"\",\"wrap_template\":\"wrap\"},{\"objectType\":\"Field\",\"objectDomain\":\"fields\",\"editActive\":false,\"order\":3,\"idAttribute\":\"id\",\"type\":\"textbox\",\"label\":\"E-mail\",\"key\":\"e-mail_1719340895914\",\"label_pos\":\"above\",\"required\":1,\"default\":\"\",\"placeholder\":\"\",\"container_class\":\"\",\"element_class\":\"\",\"input_limit\":\"\",\"input_limit_type\":\"characters\",\"input_limit_msg\":\"Caract\\u00e8re(s) restant(s)\",\"manual_key\":false,\"admin_label\":\"\",\"help_text\":\"\",\"mask\":\"\",\"custom_mask\":\"\",\"custom_name_attribute\":\"\",\"personally_identifiable\":\"\",\"value\":\"\",\"drawerDisabled\":false,\"id\":12,\"beforeField\":\"\",\"afterField\":\"\",\"parentType\":\"textbox\",\"element_templates\":[\"textbox\",\"input\"],\"old_classname\":\"\",\"wrap_template\":\"wrap\"},{\"objectType\":\"Field\",\"objectDomain\":\"fields\",\"editActive\":false,\"order\":4,\"idAttribute\":\"id\",\"type\":\"phone\",\"label\":\"T\\u00e9l.\",\"key\":\"phone_1719341134696\",\"label_pos\":\"above\",\"required\":false,\"default\":\"\",\"placeholder\":\"\",\"container_class\":\"\",\"element_class\":\"\",\"input_limit\":\"\",\"input_limit_type\":\"characters\",\"input_limit_msg\":\"Caract\\u00e8re(s) restant(s)\",\"manual_key\":false,\"admin_label\":\"\",\"help_text\":\"\",\"mask\":\"\",\"custom_mask\":\"\",\"custom_name_attribute\":\"phone\",\"personally_identifiable\":1,\"value\":\"\",\"id\":13,\"beforeField\":\"\",\"afterField\":\"\",\"parentType\":\"textbox\",\"element_templates\":[\"tel\",\"textbox\",\"input\"],\"old_classname\":\"\",\"wrap_template\":\"wrap\"},{\"objectType\":\"Field\",\"objectDomain\":\"fields\",\"editActive\":false,\"order\":5,\"idAttribute\":\"id\",\"type\":\"textarea\",\"label\":\"Votre message\",\"key\":\"votre_message_1719341398765\",\"label_pos\":\"above\",\"required\":false,\"default\":\"\",\"placeholder\":\"\",\"container_class\":\"\",\"element_class\":\"\",\"input_limit\":\"\",\"input_limit_type\":\"characters\",\"input_limit_msg\":\"Caract\\u00e8re(s) restant(s)\",\"manual_key\":false,\"admin_label\":\"\",\"help_text\":\"\",\"textarea_rte\":\"\",\"disable_rte_mobile\":\"\",\"textarea_media\":\"\",\"value\":\"\",\"drawerDisabled\":false,\"id\":14,\"beforeField\":\"\",\"afterField\":\"\",\"parentType\":\"textarea\",\"element_templates\":[\"textarea\",\"input\"],\"old_classname\":\"\",\"wrap_template\":\"wrap\"},{\"objectType\":\"Field\",\"objectDomain\":\"fields\",\"editActive\":false,\"order\":6,\"idAttribute\":\"id\",\"type\":\"submit\",\"label\":\"Envoyer\",\"processing_label\":\"En cours de traitement\",\"container_class\":\"\",\"element_class\":\"\",\"key\":\"submit_1719341441538\",\"drawerDisabled\":false,\"id\":15,\"beforeField\":\"\",\"afterField\":\"\",\"value\":\"\",\"label_pos\":\"above\",\"parentType\":\"textbox\",\"element_templates\":[\"submit\",\"button\",\"input\"],\"old_classname\":\"\",\"wrap_template\":\"wrap-no-label\"}];nfForms.push(form);<\/script>\n        \t\t\t\t<\/div>\n\t\t\t\t<\/div>\n\t\t\t\t<\/div>\n\t\t\t\t\t<\/div>\n\t\t\t\t<\/div>\n\t\t\t\t<\/div>\n\t\t","protected":false},"excerpt":{"rendered":"<p>N&rsquo;h\u00e9sitez pas \u00e0 nous contacter !<\/p>\n","protected":false},"author":1,"featured_media":974,"parent":0,"menu_order":7,"comment_status":"closed","ping_status":"closed","template":"","meta":{"_acf_changed":false,"neve_meta_sidebar":"","neve_meta_container":"","neve_meta_enable_content_width":"","neve_meta_content_width":0,"neve_meta_title_alignment":"","neve_meta_author_avatar":"","neve_post_elements_order":"","neve_meta_disable_header":"","neve_meta_disable_footer":"","neve_meta_disable_title":"","footnotes":""},"class_list":["post-12","page","type-page","status-publish","has-post-thumbnail","hentry"],"acf":[],"yoast_head":"<!-- This site is optimized with the Yoast SEO plugin v27.4 - https:\/\/yoast.com\/product\/yoast-seo-wordpress\/ -->\n<title>Contact: N&#039;h\u00e9siter pas \u00e0 nous contacter!<\/title>\n<meta name=\"description\" content=\"Contact: N&#039;h\u00e9siter pas \u00e0 nous contacter, Pour toute question ou assistance. Notre \u00e9quipe est l\u00e0 pour vous aider rapidement et efficacement.\" \/>\n<meta name=\"robots\" content=\"index, follow, max-snippet:-1, max-image-preview:large, max-video-preview:-1\" \/>\n<link rel=\"canonical\" href=\"https:\/\/www.delygoldn.com\/index.php\/delygoldn-com-contact-nhesiter-pas-a-nous-contacter\/\" \/>\n<meta property=\"og:locale\" content=\"fr_FR\" \/>\n<meta property=\"og:type\" content=\"article\" \/>\n<meta property=\"og:title\" content=\"Contact: N&#039;h\u00e9siter pas \u00e0 nous contacter!\" \/>\n<meta property=\"og:description\" content=\"Contact: N&#039;h\u00e9siter pas \u00e0 nous contacter, Pour toute question ou assistance. Notre \u00e9quipe est l\u00e0 pour vous aider rapidement et efficacement.\" \/>\n<meta property=\"og:url\" content=\"https:\/\/www.delygoldn.com\/index.php\/delygoldn-com-contact-nhesiter-pas-a-nous-contacter\/\" \/>\n<meta property=\"og:site_name\" content=\"Dely Gold&#039;N\" \/>\n<meta property=\"article:modified_time\" content=\"2024-08-09T22:58:12+00:00\" \/>\n<meta property=\"og:image\" content=\"https:\/\/www.delygoldn.com\/wp-content\/uploads\/2024\/07\/pexels-pixabay-265070-4.jpg\" \/>\n\t<meta property=\"og:image:width\" content=\"320\" \/>\n\t<meta property=\"og:image:height\" content=\"214\" \/>\n\t<meta property=\"og:image:type\" content=\"image\/jpeg\" \/>\n<meta name=\"twitter:card\" content=\"summary_large_image\" \/>\n<meta name=\"twitter:label1\" content=\"Dur\u00e9e de lecture estim\u00e9e\" \/>\n\t<meta name=\"twitter:data1\" content=\"1 minute\" \/>\n<script type=\"application\/ld+json\" class=\"yoast-schema-graph\">{\"@context\":\"https:\\\/\\\/schema.org\",\"@graph\":[{\"@type\":\"WebPage\",\"@id\":\"https:\\\/\\\/www.delygoldn.com\\\/index.php\\\/delygoldn-com-contact-nhesiter-pas-a-nous-contacter\\\/\",\"url\":\"https:\\\/\\\/www.delygoldn.com\\\/index.php\\\/delygoldn-com-contact-nhesiter-pas-a-nous-contacter\\\/\",\"name\":\"Contact: N'h\u00e9siter pas \u00e0 nous contacter!\",\"isPartOf\":{\"@id\":\"https:\\\/\\\/www.delygoldn.com\\\/#website\"},\"primaryImageOfPage\":{\"@id\":\"https:\\\/\\\/www.delygoldn.com\\\/index.php\\\/delygoldn-com-contact-nhesiter-pas-a-nous-contacter\\\/#primaryimage\"},\"image\":{\"@id\":\"https:\\\/\\\/www.delygoldn.com\\\/index.php\\\/delygoldn-com-contact-nhesiter-pas-a-nous-contacter\\\/#primaryimage\"},\"thumbnailUrl\":\"https:\\\/\\\/www.delygoldn.com\\\/wp-content\\\/uploads\\\/2024\\\/07\\\/pexels-pixabay-265070-4.jpg\",\"datePublished\":\"2024-06-17T10:55:32+00:00\",\"dateModified\":\"2024-08-09T22:58:12+00:00\",\"description\":\"Contact: N'h\u00e9siter pas \u00e0 nous contacter, Pour toute question ou assistance. Notre \u00e9quipe est l\u00e0 pour vous aider rapidement et efficacement.\",\"breadcrumb\":{\"@id\":\"https:\\\/\\\/www.delygoldn.com\\\/index.php\\\/delygoldn-com-contact-nhesiter-pas-a-nous-contacter\\\/#breadcrumb\"},\"inLanguage\":\"fr-FR\",\"potentialAction\":[{\"@type\":\"ReadAction\",\"target\":[\"https:\\\/\\\/www.delygoldn.com\\\/index.php\\\/delygoldn-com-contact-nhesiter-pas-a-nous-contacter\\\/\"]}]},{\"@type\":\"ImageObject\",\"inLanguage\":\"fr-FR\",\"@id\":\"https:\\\/\\\/www.delygoldn.com\\\/index.php\\\/delygoldn-com-contact-nhesiter-pas-a-nous-contacter\\\/#primaryimage\",\"url\":\"https:\\\/\\\/www.delygoldn.com\\\/wp-content\\\/uploads\\\/2024\\\/07\\\/pexels-pixabay-265070-4.jpg\",\"contentUrl\":\"https:\\\/\\\/www.delygoldn.com\\\/wp-content\\\/uploads\\\/2024\\\/07\\\/pexels-pixabay-265070-4.jpg\",\"width\":320,\"height\":214,\"caption\":\"ALT : N'h\u00e9siter pas \u00e0 nous contacter, image montrant un bureau avec ordinateur, t\u00e9l\u00e9phone...\"},{\"@type\":\"BreadcrumbList\",\"@id\":\"https:\\\/\\\/www.delygoldn.com\\\/index.php\\\/delygoldn-com-contact-nhesiter-pas-a-nous-contacter\\\/#breadcrumb\",\"itemListElement\":[{\"@type\":\"ListItem\",\"position\":1,\"name\":\"Accueil\",\"item\":\"https:\\\/\\\/www.delygoldn.com\\\/\"},{\"@type\":\"ListItem\",\"position\":2,\"name\":\"Contact\"}]},{\"@type\":\"WebSite\",\"@id\":\"https:\\\/\\\/www.delygoldn.com\\\/#website\",\"url\":\"https:\\\/\\\/www.delygoldn.com\\\/\",\"name\":\"Dely Gold'N\",\"description\":\"Votre nature\",\"publisher\":{\"@id\":\"https:\\\/\\\/www.delygoldn.com\\\/#organization\"},\"potentialAction\":[{\"@type\":\"SearchAction\",\"target\":{\"@type\":\"EntryPoint\",\"urlTemplate\":\"https:\\\/\\\/www.delygoldn.com\\\/?s={search_term_string}\"},\"query-input\":{\"@type\":\"PropertyValueSpecification\",\"valueRequired\":true,\"valueName\":\"search_term_string\"}}],\"inLanguage\":\"fr-FR\"},{\"@type\":\"Organization\",\"@id\":\"https:\\\/\\\/www.delygoldn.com\\\/#organization\",\"name\":\"Dely Gold'N\",\"url\":\"https:\\\/\\\/www.delygoldn.com\\\/\",\"logo\":{\"@type\":\"ImageObject\",\"inLanguage\":\"fr-FR\",\"@id\":\"https:\\\/\\\/www.delygoldn.com\\\/#\\\/schema\\\/logo\\\/image\\\/\",\"url\":\"https:\\\/\\\/www.delygoldn.com\\\/wp-content\\\/uploads\\\/2024\\\/06\\\/LOGO-1.png\",\"contentUrl\":\"https:\\\/\\\/www.delygoldn.com\\\/wp-content\\\/uploads\\\/2024\\\/06\\\/LOGO-1.png\",\"width\":1576,\"height\":1576,\"caption\":\"Dely Gold'N\"},\"image\":{\"@id\":\"https:\\\/\\\/www.delygoldn.com\\\/#\\\/schema\\\/logo\\\/image\\\/\"},\"sameAs\":[\"https:\\\/\\\/www.instagram.com\\\/mode_ly1?igsh=anh5bGZvYzB1cjBx&utm_source=qr\",\"https:\\\/\\\/wa.me\\\/33745951310\",\"https:\\\/\\\/t.me\\\/Dely_GoldN\"]}]}<\/script>\n<!-- \/ Yoast SEO plugin. -->","yoast_head_json":{"title":"Contact: N'h\u00e9siter pas \u00e0 nous contacter!","description":"Contact: N'h\u00e9siter pas \u00e0 nous contacter, Pour toute question ou assistance. Notre \u00e9quipe est l\u00e0 pour vous aider rapidement et efficacement.","robots":{"index":"index","follow":"follow","max-snippet":"max-snippet:-1","max-image-preview":"max-image-preview:large","max-video-preview":"max-video-preview:-1"},"canonical":"https:\/\/www.delygoldn.com\/index.php\/delygoldn-com-contact-nhesiter-pas-a-nous-contacter\/","og_locale":"fr_FR","og_type":"article","og_title":"Contact: N'h\u00e9siter pas \u00e0 nous contacter!","og_description":"Contact: N'h\u00e9siter pas \u00e0 nous contacter, Pour toute question ou assistance. Notre \u00e9quipe est l\u00e0 pour vous aider rapidement et efficacement.","og_url":"https:\/\/www.delygoldn.com\/index.php\/delygoldn-com-contact-nhesiter-pas-a-nous-contacter\/","og_site_name":"Dely Gold&#039;N","article_modified_time":"2024-08-09T22:58:12+00:00","og_image":[{"width":320,"height":214,"url":"https:\/\/www.delygoldn.com\/wp-content\/uploads\/2024\/07\/pexels-pixabay-265070-4.jpg","type":"image\/jpeg"}],"twitter_card":"summary_large_image","twitter_misc":{"Dur\u00e9e de lecture estim\u00e9e":"1 minute"},"schema":{"@context":"https:\/\/schema.org","@graph":[{"@type":"WebPage","@id":"https:\/\/www.delygoldn.com\/index.php\/delygoldn-com-contact-nhesiter-pas-a-nous-contacter\/","url":"https:\/\/www.delygoldn.com\/index.php\/delygoldn-com-contact-nhesiter-pas-a-nous-contacter\/","name":"Contact: N'h\u00e9siter pas \u00e0 nous contacter!","isPartOf":{"@id":"https:\/\/www.delygoldn.com\/#website"},"primaryImageOfPage":{"@id":"https:\/\/www.delygoldn.com\/index.php\/delygoldn-com-contact-nhesiter-pas-a-nous-contacter\/#primaryimage"},"image":{"@id":"https:\/\/www.delygoldn.com\/index.php\/delygoldn-com-contact-nhesiter-pas-a-nous-contacter\/#primaryimage"},"thumbnailUrl":"https:\/\/www.delygoldn.com\/wp-content\/uploads\/2024\/07\/pexels-pixabay-265070-4.jpg","datePublished":"2024-06-17T10:55:32+00:00","dateModified":"2024-08-09T22:58:12+00:00","description":"Contact: N'h\u00e9siter pas \u00e0 nous contacter, Pour toute question ou assistance. Notre \u00e9quipe est l\u00e0 pour vous aider rapidement et efficacement.","breadcrumb":{"@id":"https:\/\/www.delygoldn.com\/index.php\/delygoldn-com-contact-nhesiter-pas-a-nous-contacter\/#breadcrumb"},"inLanguage":"fr-FR","potentialAction":[{"@type":"ReadAction","target":["https:\/\/www.delygoldn.com\/index.php\/delygoldn-com-contact-nhesiter-pas-a-nous-contacter\/"]}]},{"@type":"ImageObject","inLanguage":"fr-FR","@id":"https:\/\/www.delygoldn.com\/index.php\/delygoldn-com-contact-nhesiter-pas-a-nous-contacter\/#primaryimage","url":"https:\/\/www.delygoldn.com\/wp-content\/uploads\/2024\/07\/pexels-pixabay-265070-4.jpg","contentUrl":"https:\/\/www.delygoldn.com\/wp-content\/uploads\/2024\/07\/pexels-pixabay-265070-4.jpg","width":320,"height":214,"caption":"ALT : N'h\u00e9siter pas \u00e0 nous contacter, image montrant un bureau avec ordinateur, t\u00e9l\u00e9phone..."},{"@type":"BreadcrumbList","@id":"https:\/\/www.delygoldn.com\/index.php\/delygoldn-com-contact-nhesiter-pas-a-nous-contacter\/#breadcrumb","itemListElement":[{"@type":"ListItem","position":1,"name":"Accueil","item":"https:\/\/www.delygoldn.com\/"},{"@type":"ListItem","position":2,"name":"Contact"}]},{"@type":"WebSite","@id":"https:\/\/www.delygoldn.com\/#website","url":"https:\/\/www.delygoldn.com\/","name":"Dely Gold'N","description":"Votre nature","publisher":{"@id":"https:\/\/www.delygoldn.com\/#organization"},"potentialAction":[{"@type":"SearchAction","target":{"@type":"EntryPoint","urlTemplate":"https:\/\/www.delygoldn.com\/?s={search_term_string}"},"query-input":{"@type":"PropertyValueSpecification","valueRequired":true,"valueName":"search_term_string"}}],"inLanguage":"fr-FR"},{"@type":"Organization","@id":"https:\/\/www.delygoldn.com\/#organization","name":"Dely Gold'N","url":"https:\/\/www.delygoldn.com\/","logo":{"@type":"ImageObject","inLanguage":"fr-FR","@id":"https:\/\/www.delygoldn.com\/#\/schema\/logo\/image\/","url":"https:\/\/www.delygoldn.com\/wp-content\/uploads\/2024\/06\/LOGO-1.png","contentUrl":"https:\/\/www.delygoldn.com\/wp-content\/uploads\/2024\/06\/LOGO-1.png","width":1576,"height":1576,"caption":"Dely Gold'N"},"image":{"@id":"https:\/\/www.delygoldn.com\/#\/schema\/logo\/image\/"},"sameAs":["https:\/\/www.instagram.com\/mode_ly1?igsh=anh5bGZvYzB1cjBx&utm_source=qr","https:\/\/wa.me\/33745951310","https:\/\/t.me\/Dely_GoldN"]}]}},"_links":{"self":[{"href":"https:\/\/www.delygoldn.com\/index.php\/wp-json\/wp\/v2\/pages\/12","targetHints":{"allow":["GET"]}}],"collection":[{"href":"https:\/\/www.delygoldn.com\/index.php\/wp-json\/wp\/v2\/pages"}],"about":[{"href":"https:\/\/www.delygoldn.com\/index.php\/wp-json\/wp\/v2\/types\/page"}],"author":[{"embeddable":true,"href":"https:\/\/www.delygoldn.com\/index.php\/wp-json\/wp\/v2\/users\/1"}],"replies":[{"embeddable":true,"href":"https:\/\/www.delygoldn.com\/index.php\/wp-json\/wp\/v2\/comments?post=12"}],"version-history":[{"count":28,"href":"https:\/\/www.delygoldn.com\/index.php\/wp-json\/wp\/v2\/pages\/12\/revisions"}],"predecessor-version":[{"id":4232,"href":"https:\/\/www.delygoldn.com\/index.php\/wp-json\/wp\/v2\/pages\/12\/revisions\/4232"}],"wp:featuredmedia":[{"embeddable":true,"href":"https:\/\/www.delygoldn.com\/index.php\/wp-json\/wp\/v2\/media\/974"}],"wp:attachment":[{"href":"https:\/\/www.delygoldn.com\/index.php\/wp-json\/wp\/v2\/media?parent=12"}],"curies":[{"name":"wp","href":"https:\/\/api.w.org\/{rel}","templated":true}]}}