{"id":16,"date":"2024-06-17T12:59:12","date_gmt":"2024-06-17T10:59:12","guid":{"rendered":"http:\/\/www.delygoldn.com\/?page_id=16"},"modified":"2025-06-27T08:46:55","modified_gmt":"2025-06-27T06:46:55","slug":"delygoldn-com-fabricante-de-cosmetiques-naturels","status":"publish","type":"page","link":"https:\/\/www.delygoldn.com\/index.php\/delygoldn-com-fabricante-de-cosmetiques-naturels\/","title":{"rendered":"A propos"},"content":{"rendered":"\t\t<div data-elementor-type=\"wp-page\" data-elementor-id=\"16\" class=\"elementor elementor-16\">\n\t\t\t\t<div class=\"elementor-element elementor-element-a80ceb9 e-con-full e-flex e-con e-parent\" data-id=\"a80ceb9\" data-element_type=\"container\" data-e-type=\"container\">\n\t\t<div class=\"elementor-element elementor-element-4f11e7b e-con-full e-flex e-con e-child\" data-id=\"4f11e7b\" data-element_type=\"container\" data-e-type=\"container\">\n\t\t\t\t<div class=\"elementor-element elementor-element-b6f4c6a elementor-widget__width-initial elementor-widget elementor-widget-image\" data-id=\"b6f4c6a\" data-element_type=\"widget\" data-e-type=\"widget\" data-widget_type=\"image.default\">\n\t\t\t\t<div class=\"elementor-widget-container\">\n\t\t\t\t\t\t\t\t\t\t\t\t\t\t\t<img fetchpriority=\"high\" decoding=\"async\" width=\"220\" height=\"248\" src=\"https:\/\/www.delygoldn.com\/wp-content\/uploads\/2024\/07\/Mode2-copie.png\" class=\"attachment-medium size-medium wp-image-885\" alt=\"ALT : A propos de D\u00e9licia fabricante de cosm\u00e9tiques naturels\" \/>\t\t\t\t\t\t\t\t\t\t\t\t\t\t\t<\/div>\n\t\t\t\t<\/div>\n\t\t\t\t<\/div>\n\t\t<div class=\"elementor-element elementor-element-c275aa4 e-con-full e-flex e-con e-child\" data-id=\"c275aa4\" data-element_type=\"container\" data-e-type=\"container\">\n\t\t\t\t<div class=\"elementor-element elementor-element-8cf092d elementor-widget elementor-widget-heading\" data-id=\"8cf092d\" data-element_type=\"widget\" data-e-type=\"widget\" data-widget_type=\"heading.default\">\n\t\t\t\t<div class=\"elementor-widget-container\">\n\t\t\t\t\t<h1 class=\"elementor-heading-title elementor-size-default\">D\u00e9licia <\/h1>\t\t\t\t<\/div>\n\t\t\t\t<\/div>\n\t\t\t\t<div class=\"elementor-element elementor-element-edcd526 elementor-widget elementor-widget-heading\" data-id=\"edcd526\" data-element_type=\"widget\" data-e-type=\"widget\" data-widget_type=\"heading.default\">\n\t\t\t\t<div class=\"elementor-widget-container\">\n\t\t\t\t\t<h2 class=\"elementor-heading-title elementor-size-default\">Ma Marque et Moi<\/h2>\t\t\t\t<\/div>\n\t\t\t\t<\/div>\n\t\t\t\t<div class=\"elementor-element elementor-element-dd28f7a elementor-widget elementor-widget-text-editor\" data-id=\"dd28f7a\" data-element_type=\"widget\" data-e-type=\"widget\" data-widget_type=\"text-editor.default\">\n\t\t\t\t<div class=\"elementor-widget-container\">\n\t\t\t\t\t\t\t\t\t<p>D\u00e9licia, fabricante de cosm\u00e9tiques naturels. Passionn\u00e9e par le monde des cosm\u00e9tiques naturels et sp\u00e9cialis\u00e9e dans la formulation et la fabrication de soins capillaires, j&rsquo;ai d\u00e9cid\u00e9, apr\u00e8s avoir moi-m\u00eame lutt\u00e9 contre l&rsquo;Alop\u00e9cie de traction, de me consacrer \u00e0 la cr\u00e9ation d&rsquo;une gamme de soins capillaires ainsi qu&rsquo;\u00e0 la fabrication de produits qui stimulent la repousse des cheveux, en particulier au niveau des tempes. En effet, chaque produit fabriqu\u00e9 est soigneusement formul\u00e9 \u00e0 partir des ingr\u00e9dients naturels et biologiques, qui sont s\u00e9lectionn\u00e9s pour leurs propri\u00e9t\u00e9s b\u00e9n\u00e9fiques pour les cheveux et le cuir chevelu. Cependant, mon objectif est de vous offrir des soins capillaires efficaces, s\u00fbrs et respectueux de votre sant\u00e9 ainsi que de l&rsquo;environnement.<\/p>\t\t\t\t\t\t\t\t<\/div>\n\t\t\t\t<\/div>\n\t\t\t\t<div class=\"elementor-element elementor-element-8ff659c elementor-widget elementor-widget-heading\" data-id=\"8ff659c\" data-element_type=\"widget\" data-e-type=\"widget\" data-widget_type=\"heading.default\">\n\t\t\t\t<div class=\"elementor-widget-container\">\n\t\t\t\t\t<h2 class=\"elementor-heading-title elementor-size-default\">L\u2019histoire de ma Marque <\/h2>\t\t\t\t<\/div>\n\t\t\t\t<\/div>\n\t\t\t\t<div class=\"elementor-element elementor-element-0bf116c elementor-widget elementor-widget-text-editor\" data-id=\"0bf116c\" data-element_type=\"widget\" data-e-type=\"widget\" data-widget_type=\"text-editor.default\">\n\t\t\t\t<div class=\"elementor-widget-container\">\n\t\t\t\t\t\t\t\t\t<p>Dely Gold&rsquo;N est n\u00e9e de mon parcours personnel. En effet apr\u00e8s avoir souffert de l&rsquo;Alop\u00e9cie de traction, j&rsquo;ai d\u00e9couvert les incroyables bienfaits des ingr\u00e9dients naturels\u00a0 pour la sant\u00e9 de nos cheveux. Par cons\u00e9quent,\u00a0 les plantes, les huiles et les poudres sont devenues mes alli\u00e9es pour prendre soin de ma chevelure et stimuler sa repousse.\u00a0 Cette d\u00e9couverte qui \u00e0 mon sens est une richesse d&rsquo;o\u00f9 j&rsquo;ai tir\u00e9 Gold&rsquo;N, a \u00e9t\u00e9 une r\u00e9v\u00e9lation pour moi et m&rsquo;a inspir\u00e9e \u00e0 cr\u00e9er Dely\u00a0Gold&rsquo;N.\u00a0<\/p><p>De plus en explorant les traditions ancestrales et les secrets de beaut\u00e9 transmis de g\u00e9n\u00e9ration en g\u00e9n\u00e9ration, j&rsquo;ai compris que la nature nous offre tout ce dont nous avons besoin pour entretenir et sublimer nos cheveux. C&rsquo;est ainsi que je partage mes d\u00e9couvertes avec vous, afin que vous puissiez, vous aussi, b\u00e9n\u00e9ficier des tr\u00e9sors que nous offre la nature. Je vous invite \u00e0 d\u00e9couvrir nos produits et \u00e0 embarquer avec moi dans cette aventure de soins capillaires naturels. Ensemble, redonnons vie et \u00e9clat \u00e0 nos cheveux, avec tout ce que la nature a de meilleur \u00e0 offrir.<\/p>\t\t\t\t\t\t\t\t<\/div>\n\t\t\t\t<\/div>\n\t\t\t\t<\/div>\n\t\t\t\t<\/div>\n\t\t<div class=\"elementor-element elementor-element-4cad1f1 e-con-full e-flex e-con e-parent\" data-id=\"4cad1f1\" data-element_type=\"container\" data-e-type=\"container\" data-settings=\"{&quot;background_background&quot;:&quot;classic&quot;}\">\n\t\t\t\t<div class=\"elementor-element elementor-element-fe6fdf2 elementor-widget elementor-widget-text-editor\" data-id=\"fe6fdf2\" data-element_type=\"widget\" data-e-type=\"widget\" data-widget_type=\"text-editor.default\">\n\t\t\t\t<div class=\"elementor-widget-container\">\n\t\t\t\t\t\t\t\t\t<p>Plus qu&rsquo;une question de cheveu, un impact pour la vie\u00a0<\/p>\t\t\t\t\t\t\t\t<\/div>\n\t\t\t\t<\/div>\n\t\t\t\t<div class=\"elementor-element elementor-element-47d55ec elementor-align-center elementor-widget elementor-widget-button\" data-id=\"47d55ec\" data-element_type=\"widget\" data-e-type=\"widget\" data-widget_type=\"button.default\">\n\t\t\t\t<div class=\"elementor-widget-container\">\n\t\t\t\t\t\t\t\t\t<div class=\"elementor-button-wrapper\">\n\t\t\t\t\t<a class=\"elementor-button elementor-button-link elementor-size-sm\" href=\"https:\/\/www.delygoldn.com\/index.php\/delygoldn-com-mes-articles\/\">\n\t\t\t\t\t\t<span class=\"elementor-button-content-wrapper\">\n\t\t\t\t\t\t<span class=\"elementor-button-icon\">\n\t\t\t\t<svg aria-hidden=\"true\" class=\"e-font-icon-svg e-far-arrow-alt-circle-right\" viewBox=\"0 0 512 512\" xmlns=\"http:\/\/www.w3.org\/2000\/svg\"><path d=\"M504 256C504 119 393 8 256 8S8 119 8 256s111 248 248 248 248-111 248-248zm-448 0c0-110.5 89.5-200 200-200s200 89.5 200 200-89.5 200-200 200S56 366.5 56 256zm72 20v-40c0-6.6 5.4-12 12-12h116v-67c0-10.7 12.9-16 20.5-8.5l99 99c4.7 4.7 4.7 12.3 0 17l-99 99c-7.6 7.6-20.5 2.2-20.5-8.5v-67H140c-6.6 0-12-5.4-12-12z\"><\/path><\/svg>\t\t\t<\/span>\n\t\t\t\t\t\t\t\t\t<span class=\"elementor-button-text\">En savoir plus <\/span>\n\t\t\t\t\t<\/span>\n\t\t\t\t\t<\/a>\n\t\t\t\t<\/div>\n\t\t\t\t\t\t\t\t<\/div>\n\t\t\t\t<\/div>\n\t\t\t\t<\/div>\n\t\t<div class=\"elementor-element elementor-element-233e7f5 e-con-full e-flex e-con e-parent\" data-id=\"233e7f5\" data-element_type=\"container\" data-e-type=\"container\">\n\t\t<div class=\"elementor-element elementor-element-53aa26f e-con-full e-flex e-con e-child\" data-id=\"53aa26f\" data-element_type=\"container\" data-e-type=\"container\">\n\t\t\t\t<div class=\"elementor-element elementor-element-6d2331e elementor-widget__width-initial elementor-widget elementor-widget-heading\" data-id=\"6d2331e\" data-element_type=\"widget\" data-e-type=\"widget\" data-widget_type=\"heading.default\">\n\t\t\t\t<div class=\"elementor-widget-container\">\n\t\t\t\t\t<h2 class=\"elementor-heading-title elementor-size-default\">Mon parcours<\/h2>\t\t\t\t<\/div>\n\t\t\t\t<\/div>\n\t\t\t\t<div class=\"elementor-element elementor-element-b8702bb elementor-widget__width-initial text-spacing-custom elementor-widget elementor-widget-text-editor\" data-id=\"b8702bb\" data-element_type=\"widget\" data-e-type=\"widget\" data-widget_type=\"text-editor.default\">\n\t\t\t\t<div class=\"elementor-widget-container\">\n\t\t\t\t\t\t\t\t\t<p>Mon int\u00e9r\u00eat pour les soins capillaires naturels a d\u00e9but\u00e9 il y a plusieurs ann\u00e9es, alors que je cherchais des solutions pour traiter mon Alop\u00e9cie. \u00c0 cette \u00e9poque, j&rsquo;ai d\u00e9couvert que la nature offre une abondance de plantes m\u00e9dicinales, des huiles essentielles, d&rsquo;huiles v\u00e9g\u00e9tales, et de poudres naturelles aux propri\u00e9t\u00e9s b\u00e9n\u00e9fiques pour nos cheveux. Peu \u00e0 peu cet int\u00e9r\u00eat s&rsquo;est transform\u00e9 en une v\u00e9ritable passion, m&rsquo;amenant \u00e0 suivre diverses formations en cosm\u00e9tique naturelle\u00a0 et \u00e0 me sp\u00e9cialiser dans la formulation de produits cosm\u00e9tiques naturels.<\/p>\t\t\t\t\t\t\t\t<\/div>\n\t\t\t\t<\/div>\n\t\t\t\t<\/div>\n\t\t<div class=\"elementor-element elementor-element-6afa403 e-con-full e-flex e-con e-child\" data-id=\"6afa403\" data-element_type=\"container\" data-e-type=\"container\">\n\t\t\t\t<div class=\"elementor-element elementor-element-7413716 elementor-widget elementor-widget-heading\" data-id=\"7413716\" data-element_type=\"widget\" data-e-type=\"widget\" data-widget_type=\"heading.default\">\n\t\t\t\t<div class=\"elementor-widget-container\">\n\t\t\t\t\t<h2 class=\"elementor-heading-title elementor-size-default\">Mes exp\u00e9riences <\/h2>\t\t\t\t<\/div>\n\t\t\t\t<\/div>\n\t\t\t\t<div class=\"elementor-element elementor-element-eb9f14b elementor-widget__width-initial elementor-widget elementor-widget-text-editor\" data-id=\"eb9f14b\" data-element_type=\"widget\" data-e-type=\"widget\" data-widget_type=\"text-editor.default\">\n\t\t\t\t<div class=\"elementor-widget-container\">\n\t\t\t\t\t\t\t\t\t<p>Au fil des ann\u00e9es, j&rsquo;ai accumul\u00e9 une vaste exp\u00e9rience dans le domaine de la cosm\u00e9tique naturelle. En effet, j&rsquo;ai particip\u00e9 \u00e0 plusieurs ateliers et formations, o\u00f9 j&rsquo;ai appris les bonnes pratiques de fabrication et de formulation. Par la suite, j&rsquo;ai test\u00e9 de nombreuses recettes afin de cr\u00e9er des produits efficaces. Mes connaissances m&rsquo;ont permis de d\u00e9velopper des soins capillaires uniques, sp\u00e9cialement con\u00e7us pour r\u00e9pondre aux besoins des personnes souffrant de l&rsquo;Alop\u00e9cie de traction. Gr\u00e2ce \u00e0 cette exp\u00e9rience, j&rsquo;ai pu ma\u00eetriser divers aspects de la cosm\u00e9tique naturelle. En outre, j&rsquo;ai constamment am\u00e9lior\u00e9 mes comp\u00e9tences, ce qui m&rsquo;a aid\u00e9 \u00e0 innover dans la cr\u00e9ation de produits. Finalement, mon engagement \u00e0 fournir des solutions efficaces contre l\u2019Alop\u00e9cie de traction a \u00e9t\u00e9 renforc\u00e9 par <a href=\"https:\/\/www.delygoldn.com\/index.php\/delygolden-com-services-dely-goldn\/\">les retours positifs des tests<\/a> de mes soins capillaires.\u00a0<\/p>\t\t\t\t\t\t\t\t<\/div>\n\t\t\t\t<\/div>\n\t\t\t\t<\/div>\n\t\t<div class=\"elementor-element elementor-element-ddb97fc e-con-full e-flex e-con e-child\" data-id=\"ddb97fc\" data-element_type=\"container\" data-e-type=\"container\" data-settings=\"{&quot;background_background&quot;:&quot;classic&quot;}\">\n\t\t\t\t<div class=\"elementor-element elementor-element-63db74b elementor-widget elementor-widget-heading\" data-id=\"63db74b\" data-element_type=\"widget\" data-e-type=\"widget\" data-widget_type=\"heading.default\">\n\t\t\t\t<div class=\"elementor-widget-container\">\n\t\t\t\t\t<h2 class=\"elementor-heading-title elementor-size-default\">Ma d\u00e9marche<\/h2>\t\t\t\t<\/div>\n\t\t\t\t<\/div>\n\t\t\t\t<div class=\"elementor-element elementor-element-1fc300f elementor-widget__width-initial elementor-widget elementor-widget-text-editor\" data-id=\"1fc300f\" data-element_type=\"widget\" data-e-type=\"widget\" data-widget_type=\"text-editor.default\">\n\t\t\t\t<div class=\"elementor-widget-container\">\n\t\t\t\t\t\t\t\t\t<p>Ma d\u00e9marche repose sur une approche holistique et respectueuse de la nature. D&rsquo;ailleurs, chaque produit que je formule, r\u00e9sulte d&rsquo;une recherche approfondie sur les propri\u00e9t\u00e9s des ingr\u00e9dients naturels. Ainsi j&rsquo;utilise des plantes, des huiles et des <a href=\"https:\/\/www.cosmopolitan.fr\/les-remedes-naturels-de-grand-mere-contre-la-chute-de-cheveux,2005488.asp\">poudres<\/a> soigneusement s\u00e9lectionn\u00e9es pour leurs vertus r\u00e9paratrices et stimulantes. De plus mon objectif est de proposer des solutions efficaces, naturelles et durables, sans compromis sur la qualit\u00e9 et la s\u00e9curit\u00e9.<\/p>\t\t\t\t\t\t\t\t<\/div>\n\t\t\t\t<\/div>\n\t\t\t\t<\/div>\n\t\t\t\t<\/div>\n\t\t\t\t<\/div>\n\t\t","protected":false},"excerpt":{"rendered":"<p>D\u00e9licia Ma Marque et Moi D\u00e9licia, fabricante de cosm\u00e9tiques naturels. Passionn\u00e9e par le monde des cosm\u00e9tiques naturels et sp\u00e9cialis\u00e9e dans la formulation et la fabrication de soins capillaires, j&rsquo;ai d\u00e9cid\u00e9, apr\u00e8s avoir moi-m\u00eame lutt\u00e9 contre l&rsquo;Alop\u00e9cie de traction, de me consacrer \u00e0 la cr\u00e9ation d&rsquo;une gamme de soins capillaires ainsi qu&rsquo;\u00e0 la fabrication de produits&hellip;&nbsp;<a href=\"https:\/\/www.delygoldn.com\/index.php\/delygoldn-com-fabricante-de-cosmetiques-naturels\/\" rel=\"bookmark\">Lire la suite &raquo;<span class=\"screen-reader-text\">A propos<\/span><\/a><\/p>\n","protected":false},"author":1,"featured_media":885,"parent":0,"menu_order":2,"comment_status":"closed","ping_status":"closed","template":"","meta":{"_acf_changed":false,"neve_meta_sidebar":"","neve_meta_container":"","neve_meta_enable_content_width":"","neve_meta_content_width":0,"neve_meta_title_alignment":"","neve_meta_author_avatar":"","neve_post_elements_order":"","neve_meta_disable_header":"","neve_meta_disable_footer":"","neve_meta_disable_title":"","footnotes":""},"class_list":["post-16","page","type-page","status-publish","has-post-thumbnail","hentry"],"acf":[],"yoast_head":"<!-- This site is optimized with the Yoast SEO plugin v27.4 - https:\/\/yoast.com\/product\/yoast-seo-wordpress\/ -->\n<title>Fabricante de cosm\u00e9tiques naturels<\/title>\n<meta name=\"description\" content=\"D\u00e9licia, fabricante de cosm\u00e9tiques naturels, vous propose des soins respectueux de l&#039;environnement, pour votre sant\u00e9.\" \/>\n<meta name=\"robots\" content=\"index, follow, max-snippet:-1, max-image-preview:large, max-video-preview:-1\" \/>\n<link rel=\"canonical\" href=\"https:\/\/www.delygoldn.com\/index.php\/delygoldn-com-fabricante-de-cosmetiques-naturels\/\" \/>\n<meta property=\"og:locale\" content=\"fr_FR\" \/>\n<meta property=\"og:type\" content=\"article\" \/>\n<meta property=\"og:title\" content=\"Fabricante de cosm\u00e9tiques naturels\" \/>\n<meta property=\"og:description\" content=\"D\u00e9licia, fabricante de cosm\u00e9tiques naturels, vous propose des soins respectueux de l&#039;environnement, pour votre sant\u00e9.\" \/>\n<meta property=\"og:url\" content=\"https:\/\/www.delygoldn.com\/index.php\/delygoldn-com-fabricante-de-cosmetiques-naturels\/\" \/>\n<meta property=\"og:site_name\" content=\"Dely Gold&#039;N\" \/>\n<meta property=\"article:modified_time\" content=\"2025-06-27T06:46:55+00:00\" \/>\n<meta property=\"og:image\" content=\"https:\/\/www.delygoldn.com\/wp-content\/uploads\/2024\/07\/Mode2-copie.png\" \/>\n\t<meta property=\"og:image:width\" content=\"220\" \/>\n\t<meta property=\"og:image:height\" content=\"248\" \/>\n\t<meta property=\"og:image:type\" content=\"image\/png\" \/>\n<meta name=\"twitter:card\" content=\"summary_large_image\" \/>\n<meta name=\"twitter:label1\" content=\"Dur\u00e9e de lecture estim\u00e9e\" \/>\n\t<meta name=\"twitter:data1\" content=\"4 minutes\" \/>\n<script type=\"application\/ld+json\" class=\"yoast-schema-graph\">{\"@context\":\"https:\\\/\\\/schema.org\",\"@graph\":[{\"@type\":\"WebPage\",\"@id\":\"https:\\\/\\\/www.delygoldn.com\\\/index.php\\\/delygoldn-com-fabricante-de-cosmetiques-naturels\\\/\",\"url\":\"https:\\\/\\\/www.delygoldn.com\\\/index.php\\\/delygoldn-com-fabricante-de-cosmetiques-naturels\\\/\",\"name\":\"Fabricante de cosm\u00e9tiques naturels\",\"isPartOf\":{\"@id\":\"https:\\\/\\\/www.delygoldn.com\\\/#website\"},\"primaryImageOfPage\":{\"@id\":\"https:\\\/\\\/www.delygoldn.com\\\/index.php\\\/delygoldn-com-fabricante-de-cosmetiques-naturels\\\/#primaryimage\"},\"image\":{\"@id\":\"https:\\\/\\\/www.delygoldn.com\\\/index.php\\\/delygoldn-com-fabricante-de-cosmetiques-naturels\\\/#primaryimage\"},\"thumbnailUrl\":\"https:\\\/\\\/www.delygoldn.com\\\/wp-content\\\/uploads\\\/2024\\\/07\\\/Mode2-copie.png\",\"datePublished\":\"2024-06-17T10:59:12+00:00\",\"dateModified\":\"2025-06-27T06:46:55+00:00\",\"description\":\"D\u00e9licia, fabricante de cosm\u00e9tiques naturels, vous propose des soins respectueux de l'environnement, pour votre sant\u00e9.\",\"breadcrumb\":{\"@id\":\"https:\\\/\\\/www.delygoldn.com\\\/index.php\\\/delygoldn-com-fabricante-de-cosmetiques-naturels\\\/#breadcrumb\"},\"inLanguage\":\"fr-FR\",\"potentialAction\":[{\"@type\":\"ReadAction\",\"target\":[\"https:\\\/\\\/www.delygoldn.com\\\/index.php\\\/delygoldn-com-fabricante-de-cosmetiques-naturels\\\/\"]}]},{\"@type\":\"ImageObject\",\"inLanguage\":\"fr-FR\",\"@id\":\"https:\\\/\\\/www.delygoldn.com\\\/index.php\\\/delygoldn-com-fabricante-de-cosmetiques-naturels\\\/#primaryimage\",\"url\":\"https:\\\/\\\/www.delygoldn.com\\\/wp-content\\\/uploads\\\/2024\\\/07\\\/Mode2-copie.png\",\"contentUrl\":\"https:\\\/\\\/www.delygoldn.com\\\/wp-content\\\/uploads\\\/2024\\\/07\\\/Mode2-copie.png\",\"width\":220,\"height\":248,\"caption\":\"ALT : A propos de D\u00e9licia fabricante de cosm\u00e9tiques naturels\"},{\"@type\":\"BreadcrumbList\",\"@id\":\"https:\\\/\\\/www.delygoldn.com\\\/index.php\\\/delygoldn-com-fabricante-de-cosmetiques-naturels\\\/#breadcrumb\",\"itemListElement\":[{\"@type\":\"ListItem\",\"position\":1,\"name\":\"Accueil\",\"item\":\"https:\\\/\\\/www.delygoldn.com\\\/\"},{\"@type\":\"ListItem\",\"position\":2,\"name\":\"A propos\"}]},{\"@type\":\"WebSite\",\"@id\":\"https:\\\/\\\/www.delygoldn.com\\\/#website\",\"url\":\"https:\\\/\\\/www.delygoldn.com\\\/\",\"name\":\"Dely Gold'N\",\"description\":\"Votre nature\",\"publisher\":{\"@id\":\"https:\\\/\\\/www.delygoldn.com\\\/#organization\"},\"potentialAction\":[{\"@type\":\"SearchAction\",\"target\":{\"@type\":\"EntryPoint\",\"urlTemplate\":\"https:\\\/\\\/www.delygoldn.com\\\/?s={search_term_string}\"},\"query-input\":{\"@type\":\"PropertyValueSpecification\",\"valueRequired\":true,\"valueName\":\"search_term_string\"}}],\"inLanguage\":\"fr-FR\"},{\"@type\":\"Organization\",\"@id\":\"https:\\\/\\\/www.delygoldn.com\\\/#organization\",\"name\":\"Dely Gold'N\",\"url\":\"https:\\\/\\\/www.delygoldn.com\\\/\",\"logo\":{\"@type\":\"ImageObject\",\"inLanguage\":\"fr-FR\",\"@id\":\"https:\\\/\\\/www.delygoldn.com\\\/#\\\/schema\\\/logo\\\/image\\\/\",\"url\":\"https:\\\/\\\/www.delygoldn.com\\\/wp-content\\\/uploads\\\/2024\\\/06\\\/LOGO-1.png\",\"contentUrl\":\"https:\\\/\\\/www.delygoldn.com\\\/wp-content\\\/uploads\\\/2024\\\/06\\\/LOGO-1.png\",\"width\":1576,\"height\":1576,\"caption\":\"Dely Gold'N\"},\"image\":{\"@id\":\"https:\\\/\\\/www.delygoldn.com\\\/#\\\/schema\\\/logo\\\/image\\\/\"},\"sameAs\":[\"https:\\\/\\\/www.instagram.com\\\/mode_ly1?igsh=anh5bGZvYzB1cjBx&utm_source=qr\",\"https:\\\/\\\/wa.me\\\/33745951310\",\"https:\\\/\\\/t.me\\\/Dely_GoldN\"]}]}<\/script>\n<!-- \/ Yoast SEO plugin. -->","yoast_head_json":{"title":"Fabricante de cosm\u00e9tiques naturels","description":"D\u00e9licia, fabricante de cosm\u00e9tiques naturels, vous propose des soins respectueux de l'environnement, pour votre sant\u00e9.","robots":{"index":"index","follow":"follow","max-snippet":"max-snippet:-1","max-image-preview":"max-image-preview:large","max-video-preview":"max-video-preview:-1"},"canonical":"https:\/\/www.delygoldn.com\/index.php\/delygoldn-com-fabricante-de-cosmetiques-naturels\/","og_locale":"fr_FR","og_type":"article","og_title":"Fabricante de cosm\u00e9tiques naturels","og_description":"D\u00e9licia, fabricante de cosm\u00e9tiques naturels, vous propose des soins respectueux de l'environnement, pour votre sant\u00e9.","og_url":"https:\/\/www.delygoldn.com\/index.php\/delygoldn-com-fabricante-de-cosmetiques-naturels\/","og_site_name":"Dely Gold&#039;N","article_modified_time":"2025-06-27T06:46:55+00:00","og_image":[{"width":220,"height":248,"url":"https:\/\/www.delygoldn.com\/wp-content\/uploads\/2024\/07\/Mode2-copie.png","type":"image\/png"}],"twitter_card":"summary_large_image","twitter_misc":{"Dur\u00e9e de lecture estim\u00e9e":"4 minutes"},"schema":{"@context":"https:\/\/schema.org","@graph":[{"@type":"WebPage","@id":"https:\/\/www.delygoldn.com\/index.php\/delygoldn-com-fabricante-de-cosmetiques-naturels\/","url":"https:\/\/www.delygoldn.com\/index.php\/delygoldn-com-fabricante-de-cosmetiques-naturels\/","name":"Fabricante de cosm\u00e9tiques naturels","isPartOf":{"@id":"https:\/\/www.delygoldn.com\/#website"},"primaryImageOfPage":{"@id":"https:\/\/www.delygoldn.com\/index.php\/delygoldn-com-fabricante-de-cosmetiques-naturels\/#primaryimage"},"image":{"@id":"https:\/\/www.delygoldn.com\/index.php\/delygoldn-com-fabricante-de-cosmetiques-naturels\/#primaryimage"},"thumbnailUrl":"https:\/\/www.delygoldn.com\/wp-content\/uploads\/2024\/07\/Mode2-copie.png","datePublished":"2024-06-17T10:59:12+00:00","dateModified":"2025-06-27T06:46:55+00:00","description":"D\u00e9licia, fabricante de cosm\u00e9tiques naturels, vous propose des soins respectueux de l'environnement, pour votre sant\u00e9.","breadcrumb":{"@id":"https:\/\/www.delygoldn.com\/index.php\/delygoldn-com-fabricante-de-cosmetiques-naturels\/#breadcrumb"},"inLanguage":"fr-FR","potentialAction":[{"@type":"ReadAction","target":["https:\/\/www.delygoldn.com\/index.php\/delygoldn-com-fabricante-de-cosmetiques-naturels\/"]}]},{"@type":"ImageObject","inLanguage":"fr-FR","@id":"https:\/\/www.delygoldn.com\/index.php\/delygoldn-com-fabricante-de-cosmetiques-naturels\/#primaryimage","url":"https:\/\/www.delygoldn.com\/wp-content\/uploads\/2024\/07\/Mode2-copie.png","contentUrl":"https:\/\/www.delygoldn.com\/wp-content\/uploads\/2024\/07\/Mode2-copie.png","width":220,"height":248,"caption":"ALT : A propos de D\u00e9licia fabricante de cosm\u00e9tiques naturels"},{"@type":"BreadcrumbList","@id":"https:\/\/www.delygoldn.com\/index.php\/delygoldn-com-fabricante-de-cosmetiques-naturels\/#breadcrumb","itemListElement":[{"@type":"ListItem","position":1,"name":"Accueil","item":"https:\/\/www.delygoldn.com\/"},{"@type":"ListItem","position":2,"name":"A propos"}]},{"@type":"WebSite","@id":"https:\/\/www.delygoldn.com\/#website","url":"https:\/\/www.delygoldn.com\/","name":"Dely Gold'N","description":"Votre nature","publisher":{"@id":"https:\/\/www.delygoldn.com\/#organization"},"potentialAction":[{"@type":"SearchAction","target":{"@type":"EntryPoint","urlTemplate":"https:\/\/www.delygoldn.com\/?s={search_term_string}"},"query-input":{"@type":"PropertyValueSpecification","valueRequired":true,"valueName":"search_term_string"}}],"inLanguage":"fr-FR"},{"@type":"Organization","@id":"https:\/\/www.delygoldn.com\/#organization","name":"Dely Gold'N","url":"https:\/\/www.delygoldn.com\/","logo":{"@type":"ImageObject","inLanguage":"fr-FR","@id":"https:\/\/www.delygoldn.com\/#\/schema\/logo\/image\/","url":"https:\/\/www.delygoldn.com\/wp-content\/uploads\/2024\/06\/LOGO-1.png","contentUrl":"https:\/\/www.delygoldn.com\/wp-content\/uploads\/2024\/06\/LOGO-1.png","width":1576,"height":1576,"caption":"Dely Gold'N"},"image":{"@id":"https:\/\/www.delygoldn.com\/#\/schema\/logo\/image\/"},"sameAs":["https:\/\/www.instagram.com\/mode_ly1?igsh=anh5bGZvYzB1cjBx&utm_source=qr","https:\/\/wa.me\/33745951310","https:\/\/t.me\/Dely_GoldN"]}]}},"_links":{"self":[{"href":"https:\/\/www.delygoldn.com\/index.php\/wp-json\/wp\/v2\/pages\/16","targetHints":{"allow":["GET"]}}],"collection":[{"href":"https:\/\/www.delygoldn.com\/index.php\/wp-json\/wp\/v2\/pages"}],"about":[{"href":"https:\/\/www.delygoldn.com\/index.php\/wp-json\/wp\/v2\/types\/page"}],"author":[{"embeddable":true,"href":"https:\/\/www.delygoldn.com\/index.php\/wp-json\/wp\/v2\/users\/1"}],"replies":[{"embeddable":true,"href":"https:\/\/www.delygoldn.com\/index.php\/wp-json\/wp\/v2\/comments?post=16"}],"version-history":[{"count":593,"href":"https:\/\/www.delygoldn.com\/index.php\/wp-json\/wp\/v2\/pages\/16\/revisions"}],"predecessor-version":[{"id":4396,"href":"https:\/\/www.delygoldn.com\/index.php\/wp-json\/wp\/v2\/pages\/16\/revisions\/4396"}],"wp:featuredmedia":[{"embeddable":true,"href":"https:\/\/www.delygoldn.com\/index.php\/wp-json\/wp\/v2\/media\/885"}],"wp:attachment":[{"href":"https:\/\/www.delygoldn.com\/index.php\/wp-json\/wp\/v2\/media?parent=16"}],"curies":[{"name":"wp","href":"https:\/\/api.w.org\/{rel}","templated":true}]}}