{"id":2121,"date":"2024-07-24T00:22:08","date_gmt":"2024-07-23T22:22:08","guid":{"rendered":"https:\/\/www.delygoldn.com\/?page_id=2121"},"modified":"2024-08-10T01:26:47","modified_gmt":"2024-08-09T23:26:47","slug":"delygoldn-com-plan-de-site","status":"publish","type":"page","link":"https:\/\/www.delygoldn.com\/index.php\/delygoldn-com-plan-de-site\/","title":{"rendered":"Plan de site"},"content":{"rendered":"\t\t<div data-elementor-type=\"wp-page\" data-elementor-id=\"2121\" class=\"elementor elementor-2121\">\n\t\t\t\t<div class=\"elementor-element elementor-element-1d357278 e-flex e-con-boxed e-con e-parent\" data-id=\"1d357278\" data-element_type=\"container\" data-e-type=\"container\">\n\t\t\t\t\t<div class=\"e-con-inner\">\n\t\t\t\t<div class=\"elementor-element elementor-element-3ca7f49e elementor-widget elementor-widget-text-editor\" data-id=\"3ca7f49e\" data-element_type=\"widget\" data-e-type=\"widget\" data-widget_type=\"text-editor.default\">\n\t\t\t\t<div class=\"elementor-widget-container\">\n\t\t\t\t\t\t\t\t\t\n<div class=\"wsp-container\"><h2 class=\"wsp-pages-title\">Pages<\/h2>\n<ul class=\"wsp-pages-list\">\n<li class=\"page_item page-item-10\"><a href=\"https:\/\/www.delygoldn.com\/\">Accueil<\/a><\/li>\n<li class=\"page_item page-item-16\"><a href=\"https:\/\/www.delygoldn.com\/index.php\/delygoldn-com-fabricante-de-cosmetiques-naturels\/\">A propos<\/a><\/li>\n<li class=\"page_item page-item-338\"><a href=\"https:\/\/www.delygoldn.com\/index.php\/delygoldn-com-produits-cosmetiques-naturels\/\">Produits<\/a><\/li>\n<li class=\"page_item page-item-14\"><a href=\"https:\/\/www.delygoldn.com\/index.php\/delygolden-com-services-dely-goldn\/\">Services<\/a><\/li>\n<li class=\"page_item page-item-343\"><a href=\"https:\/\/www.delygoldn.com\/index.php\/delygoldn-com-conseils-alopecie-de-traction\/\">Conseils<\/a><\/li>\n<li class=\"page_item page-item-44 current_page_parent\"><a href=\"https:\/\/www.delygoldn.com\/index.php\/delygoldn-com-mes-articles\/\">Mes articles<\/a><\/li>\n<li class=\"page_item page-item-12\"><a href=\"https:\/\/www.delygoldn.com\/index.php\/delygoldn-com-contact-nhesiter-pas-a-nous-contacter\/\">Contact<\/a><\/li>\n<li class=\"page_item page-item-513\"><a href=\"https:\/\/www.delygoldn.com\/index.php\/delygoldn-com-reseaux-sociaux-dely-goldn\/\">R\u00e9seaux sociaux<\/a><\/li>\n<li class=\"page_item page-item-2015\"><a href=\"https:\/\/www.delygoldn.com\/index.php\/delygoldn-com-mentions-legales\/\">Mentions l\u00e9gales<\/a><\/li>\n<li class=\"page_item page-item-3\"><a href=\"https:\/\/www.delygoldn.com\/index.php\/delygoldn-com-politique-de-confidentialite\/\">Politique de confidentialit\u00e9<\/a><\/li>\n<li class=\"page_item page-item-2252\"><a href=\"https:\/\/www.delygoldn.com\/index.php\/conditions-generales\/\">Conditions g\u00e9n\u00e9rales<\/a><\/li>\n<li class=\"page_item page-item-2121\"><a href=\"https:\/\/www.delygoldn.com\/index.php\/delygoldn-com-plan-de-site\/\">Plan de site<\/a><\/li>\n<\/ul>\n<h2 class=\"wsp-posts-title\">Articles par cat\u00e9gorie<\/h2>\n<ul class=\"wsp-posts-list\">\n\t<li><strong class=\"wsp-category-title\">Cat\u00e9gorie\u00a0: <a href=\"https:\/\/www.delygoldn.com\/index.php\/category\/le-capital-cheveux\/\">Le capital cheveux<\/a><\/strong>\n<ul class=\"wsp-posts-list\">\t\t<li class=\"wsp-post\"><a href=\"https:\/\/www.delygoldn.com\/index.php\/2024\/06\/28\/delygoldn-com-prevenir-lalopecie-de-traction\/\">Pr\u00e9venir l&rsquo;Alop\u00e9cie de traction<\/a><\/li>\n<\/ul><\/li>\n\t<li><strong class=\"wsp-category-title\">Cat\u00e9gorie\u00a0: <a href=\"https:\/\/www.delygoldn.com\/index.php\/category\/perte-de-cheveux\/\">Perte de cheveux<\/a><\/strong>\n<ul class=\"wsp-posts-list\">\t\t<li class=\"wsp-post\"><a href=\"https:\/\/www.delygoldn.com\/index.php\/2024\/06\/29\/delygoldn-com-chute-de-cheveux-par-traction\/\">Alop\u00e9cie de traction; Plus qu&rsquo;une question de cheveux, un impact pour la vie<\/a><\/li>\n<\/ul><\/li>\n\t<li><strong class=\"wsp-category-title\">Cat\u00e9gorie\u00a0: <a href=\"https:\/\/www.delygoldn.com\/index.php\/category\/traitements-existants-image-shifthairtransplant\/\">Traitements existants &quot;image shifthairtransplant&quot;<\/a><\/strong>\n<ul class=\"wsp-posts-list\">\t\t<li class=\"wsp-post\"><a href=\"https:\/\/www.delygoldn.com\/index.php\/2024\/06\/28\/delygoldn-com-therapies-et-soins-pour-la-repousse-des-cheveux\/\">Th\u00e9rapies et soins pour la repousse des cheveux<\/a><\/li>\n<\/ul><\/li>\n<\/ul>\n<h2 class=\"wsp-elementor_librarys-title\">Mes mod\u00e8les<\/h2>\n<ul class=\"wsp-elementor_librarys-list\">\n<li><a href=\"https:\/\/www.delygoldn.com\/?elementor_library=kit-par-defaut\">Kit par d\u00e9faut<\/a><\/li>\n<\/ul>\n<h2 class=\"wsp-elementor-hfs-title\">Elementor Header &amp; Footer Builder<\/h2>\n<ul class=\"wsp-elementor-hfs-list\">\n<li><a href=\"https:\/\/www.delygoldn.com\/index.php\/elementor-hf\/delygoldn-pied-dely-goldn\/\">pied<\/a><\/li>\n<\/ul>\n<\/div>\n\t\t\t\t\t\t\t\t<\/div>\n\t\t\t\t<\/div>\n\t\t\t\t\t<\/div>\n\t\t\t\t<\/div>\n\t\t\t\t<\/div>\n\t\t","protected":false},"excerpt":{"rendered":"","protected":false},"author":1,"featured_media":0,"parent":0,"menu_order":12,"comment_status":"closed","ping_status":"closed","template":"","meta":{"_acf_changed":false,"neve_meta_sidebar":"","neve_meta_container":"","neve_meta_enable_content_width":"","neve_meta_content_width":0,"neve_meta_title_alignment":"","neve_meta_author_avatar":"","neve_post_elements_order":"","neve_meta_disable_header":"","neve_meta_disable_footer":"","neve_meta_disable_title":"","footnotes":""},"class_list":["post-2121","page","type-page","status-publish","hentry"],"acf":[],"yoast_head":"<!-- This site is optimized with the Yoast SEO plugin v27.4 - https:\/\/yoast.com\/product\/yoast-seo-wordpress\/ -->\n<title>Plan de Site | Navigation Facile et Optimis\u00e9e - [Dely Gold&#039;N]<\/title>\n<meta name=\"description\" content=\"D\u00e9couvrez notre plan de site complet pour une navigation facile et optimis\u00e9e. Trouvez rapidement toutes les pages et sections importantes\" \/>\n<meta name=\"robots\" content=\"index, follow, max-snippet:-1, max-image-preview:large, max-video-preview:-1\" \/>\n<link rel=\"canonical\" href=\"https:\/\/www.delygoldn.com\/index.php\/delygoldn-com-plan-de-site\/\" \/>\n<meta property=\"og:locale\" content=\"fr_FR\" \/>\n<meta property=\"og:type\" content=\"article\" \/>\n<meta property=\"og:title\" content=\"Plan de Site | Navigation Facile et Optimis\u00e9e - [Dely Gold&#039;N]\" \/>\n<meta property=\"og:description\" content=\"D\u00e9couvrez notre plan de site complet pour une navigation facile et optimis\u00e9e. Trouvez rapidement toutes les pages et sections importantes\" \/>\n<meta property=\"og:url\" content=\"https:\/\/www.delygoldn.com\/index.php\/delygoldn-com-plan-de-site\/\" \/>\n<meta property=\"og:site_name\" content=\"Dely Gold&#039;N\" \/>\n<meta property=\"article:modified_time\" content=\"2024-08-09T23:26:47+00:00\" \/>\n<meta name=\"twitter:card\" content=\"summary_large_image\" \/>\n<meta name=\"twitter:label1\" content=\"Dur\u00e9e de lecture estim\u00e9e\" \/>\n\t<meta name=\"twitter:data1\" content=\"1 minute\" \/>\n<script type=\"application\/ld+json\" class=\"yoast-schema-graph\">{\"@context\":\"https:\\\/\\\/schema.org\",\"@graph\":[{\"@type\":\"WebPage\",\"@id\":\"https:\\\/\\\/www.delygoldn.com\\\/index.php\\\/delygoldn-com-plan-de-site\\\/\",\"url\":\"https:\\\/\\\/www.delygoldn.com\\\/index.php\\\/delygoldn-com-plan-de-site\\\/\",\"name\":\"Plan de Site | Navigation Facile et Optimis\u00e9e - [Dely Gold'N]\",\"isPartOf\":{\"@id\":\"https:\\\/\\\/www.delygoldn.com\\\/#website\"},\"datePublished\":\"2024-07-23T22:22:08+00:00\",\"dateModified\":\"2024-08-09T23:26:47+00:00\",\"description\":\"D\u00e9couvrez notre plan de site complet pour une navigation facile et optimis\u00e9e. Trouvez rapidement toutes les pages et sections importantes\",\"breadcrumb\":{\"@id\":\"https:\\\/\\\/www.delygoldn.com\\\/index.php\\\/delygoldn-com-plan-de-site\\\/#breadcrumb\"},\"inLanguage\":\"fr-FR\",\"potentialAction\":[{\"@type\":\"ReadAction\",\"target\":[\"https:\\\/\\\/www.delygoldn.com\\\/index.php\\\/delygoldn-com-plan-de-site\\\/\"]}]},{\"@type\":\"BreadcrumbList\",\"@id\":\"https:\\\/\\\/www.delygoldn.com\\\/index.php\\\/delygoldn-com-plan-de-site\\\/#breadcrumb\",\"itemListElement\":[{\"@type\":\"ListItem\",\"position\":1,\"name\":\"Accueil\",\"item\":\"https:\\\/\\\/www.delygoldn.com\\\/\"},{\"@type\":\"ListItem\",\"position\":2,\"name\":\"Plan de site\"}]},{\"@type\":\"WebSite\",\"@id\":\"https:\\\/\\\/www.delygoldn.com\\\/#website\",\"url\":\"https:\\\/\\\/www.delygoldn.com\\\/\",\"name\":\"Dely Gold'N\",\"description\":\"Votre nature\",\"publisher\":{\"@id\":\"https:\\\/\\\/www.delygoldn.com\\\/#organization\"},\"potentialAction\":[{\"@type\":\"SearchAction\",\"target\":{\"@type\":\"EntryPoint\",\"urlTemplate\":\"https:\\\/\\\/www.delygoldn.com\\\/?s={search_term_string}\"},\"query-input\":{\"@type\":\"PropertyValueSpecification\",\"valueRequired\":true,\"valueName\":\"search_term_string\"}}],\"inLanguage\":\"fr-FR\"},{\"@type\":\"Organization\",\"@id\":\"https:\\\/\\\/www.delygoldn.com\\\/#organization\",\"name\":\"Dely Gold'N\",\"url\":\"https:\\\/\\\/www.delygoldn.com\\\/\",\"logo\":{\"@type\":\"ImageObject\",\"inLanguage\":\"fr-FR\",\"@id\":\"https:\\\/\\\/www.delygoldn.com\\\/#\\\/schema\\\/logo\\\/image\\\/\",\"url\":\"https:\\\/\\\/www.delygoldn.com\\\/wp-content\\\/uploads\\\/2024\\\/06\\\/LOGO-1.png\",\"contentUrl\":\"https:\\\/\\\/www.delygoldn.com\\\/wp-content\\\/uploads\\\/2024\\\/06\\\/LOGO-1.png\",\"width\":1576,\"height\":1576,\"caption\":\"Dely Gold'N\"},\"image\":{\"@id\":\"https:\\\/\\\/www.delygoldn.com\\\/#\\\/schema\\\/logo\\\/image\\\/\"},\"sameAs\":[\"https:\\\/\\\/www.instagram.com\\\/mode_ly1?igsh=anh5bGZvYzB1cjBx&utm_source=qr\",\"https:\\\/\\\/wa.me\\\/33745951310\",\"https:\\\/\\\/t.me\\\/Dely_GoldN\"]}]}<\/script>\n<!-- \/ Yoast SEO plugin. -->","yoast_head_json":{"title":"Plan de Site | Navigation Facile et Optimis\u00e9e - [Dely Gold'N]","description":"D\u00e9couvrez notre plan de site complet pour une navigation facile et optimis\u00e9e. Trouvez rapidement toutes les pages et sections importantes","robots":{"index":"index","follow":"follow","max-snippet":"max-snippet:-1","max-image-preview":"max-image-preview:large","max-video-preview":"max-video-preview:-1"},"canonical":"https:\/\/www.delygoldn.com\/index.php\/delygoldn-com-plan-de-site\/","og_locale":"fr_FR","og_type":"article","og_title":"Plan de Site | Navigation Facile et Optimis\u00e9e - [Dely Gold'N]","og_description":"D\u00e9couvrez notre plan de site complet pour une navigation facile et optimis\u00e9e. Trouvez rapidement toutes les pages et sections importantes","og_url":"https:\/\/www.delygoldn.com\/index.php\/delygoldn-com-plan-de-site\/","og_site_name":"Dely Gold&#039;N","article_modified_time":"2024-08-09T23:26:47+00:00","twitter_card":"summary_large_image","twitter_misc":{"Dur\u00e9e de lecture estim\u00e9e":"1 minute"},"schema":{"@context":"https:\/\/schema.org","@graph":[{"@type":"WebPage","@id":"https:\/\/www.delygoldn.com\/index.php\/delygoldn-com-plan-de-site\/","url":"https:\/\/www.delygoldn.com\/index.php\/delygoldn-com-plan-de-site\/","name":"Plan de Site | Navigation Facile et Optimis\u00e9e - [Dely Gold'N]","isPartOf":{"@id":"https:\/\/www.delygoldn.com\/#website"},"datePublished":"2024-07-23T22:22:08+00:00","dateModified":"2024-08-09T23:26:47+00:00","description":"D\u00e9couvrez notre plan de site complet pour une navigation facile et optimis\u00e9e. Trouvez rapidement toutes les pages et sections importantes","breadcrumb":{"@id":"https:\/\/www.delygoldn.com\/index.php\/delygoldn-com-plan-de-site\/#breadcrumb"},"inLanguage":"fr-FR","potentialAction":[{"@type":"ReadAction","target":["https:\/\/www.delygoldn.com\/index.php\/delygoldn-com-plan-de-site\/"]}]},{"@type":"BreadcrumbList","@id":"https:\/\/www.delygoldn.com\/index.php\/delygoldn-com-plan-de-site\/#breadcrumb","itemListElement":[{"@type":"ListItem","position":1,"name":"Accueil","item":"https:\/\/www.delygoldn.com\/"},{"@type":"ListItem","position":2,"name":"Plan de site"}]},{"@type":"WebSite","@id":"https:\/\/www.delygoldn.com\/#website","url":"https:\/\/www.delygoldn.com\/","name":"Dely Gold'N","description":"Votre nature","publisher":{"@id":"https:\/\/www.delygoldn.com\/#organization"},"potentialAction":[{"@type":"SearchAction","target":{"@type":"EntryPoint","urlTemplate":"https:\/\/www.delygoldn.com\/?s={search_term_string}"},"query-input":{"@type":"PropertyValueSpecification","valueRequired":true,"valueName":"search_term_string"}}],"inLanguage":"fr-FR"},{"@type":"Organization","@id":"https:\/\/www.delygoldn.com\/#organization","name":"Dely Gold'N","url":"https:\/\/www.delygoldn.com\/","logo":{"@type":"ImageObject","inLanguage":"fr-FR","@id":"https:\/\/www.delygoldn.com\/#\/schema\/logo\/image\/","url":"https:\/\/www.delygoldn.com\/wp-content\/uploads\/2024\/06\/LOGO-1.png","contentUrl":"https:\/\/www.delygoldn.com\/wp-content\/uploads\/2024\/06\/LOGO-1.png","width":1576,"height":1576,"caption":"Dely Gold'N"},"image":{"@id":"https:\/\/www.delygoldn.com\/#\/schema\/logo\/image\/"},"sameAs":["https:\/\/www.instagram.com\/mode_ly1?igsh=anh5bGZvYzB1cjBx&utm_source=qr","https:\/\/wa.me\/33745951310","https:\/\/t.me\/Dely_GoldN"]}]}},"_links":{"self":[{"href":"https:\/\/www.delygoldn.com\/index.php\/wp-json\/wp\/v2\/pages\/2121","targetHints":{"allow":["GET"]}}],"collection":[{"href":"https:\/\/www.delygoldn.com\/index.php\/wp-json\/wp\/v2\/pages"}],"about":[{"href":"https:\/\/www.delygoldn.com\/index.php\/wp-json\/wp\/v2\/types\/page"}],"author":[{"embeddable":true,"href":"https:\/\/www.delygoldn.com\/index.php\/wp-json\/wp\/v2\/users\/1"}],"replies":[{"embeddable":true,"href":"https:\/\/www.delygoldn.com\/index.php\/wp-json\/wp\/v2\/comments?post=2121"}],"version-history":[{"count":10,"href":"https:\/\/www.delygoldn.com\/index.php\/wp-json\/wp\/v2\/pages\/2121\/revisions"}],"predecessor-version":[{"id":4244,"href":"https:\/\/www.delygoldn.com\/index.php\/wp-json\/wp\/v2\/pages\/2121\/revisions\/4244"}],"wp:attachment":[{"href":"https:\/\/www.delygoldn.com\/index.php\/wp-json\/wp\/v2\/media?parent=2121"}],"curies":[{"name":"wp","href":"https:\/\/api.w.org\/{rel}","templated":true}]}}