{"id":338,"date":"2024-06-25T07:14:39","date_gmt":"2024-06-25T05:14:39","guid":{"rendered":"https:\/\/www.delygoldn.com\/?page_id=338"},"modified":"2024-08-12T16:53:30","modified_gmt":"2024-08-12T14:53:30","slug":"delygoldn-com-produits-cosmetiques-naturels","status":"publish","type":"page","link":"https:\/\/www.delygoldn.com\/index.php\/delygoldn-com-produits-cosmetiques-naturels\/","title":{"rendered":"Produits"},"content":{"rendered":"\t\t<div data-elementor-type=\"wp-page\" data-elementor-id=\"338\" class=\"elementor elementor-338\">\n\t\t\t\t<div class=\"elementor-element elementor-element-d5927a1 e-flex e-con-boxed e-con e-parent\" data-id=\"d5927a1\" data-element_type=\"container\" data-e-type=\"container\">\n\t\t\t\t\t<div class=\"e-con-inner\">\n\t\t\t\t<div class=\"elementor-element elementor-element-9f4841f elementor-widget__width-initial elementor-widget elementor-widget-heading\" data-id=\"9f4841f\" data-element_type=\"widget\" data-e-type=\"widget\" data-widget_type=\"heading.default\">\n\t\t\t\t<div class=\"elementor-widget-container\">\n\t\t\t\t\t<h1 class=\"elementor-heading-title elementor-size-default\">Bient\u00f4t : Nos produits cosm\u00e9tiques naturels <\/h1>\t\t\t\t<\/div>\n\t\t\t\t<\/div>\n\t\t\t\t\t<\/div>\n\t\t\t\t<\/div>\n\t\t<div class=\"elementor-element elementor-element-ab66e5d e-flex e-con-boxed e-con e-parent\" data-id=\"ab66e5d\" data-element_type=\"container\" data-e-type=\"container\">\n\t\t\t\t\t<div class=\"e-con-inner\">\n\t\t<div class=\"elementor-element elementor-element-bbeefc3 e-con-full e-flex e-con e-child\" data-id=\"bbeefc3\" data-element_type=\"container\" data-e-type=\"container\">\n\t\t\t\t<div class=\"elementor-element elementor-element-d13cb15 elementor-widget elementor-widget-image\" data-id=\"d13cb15\" data-element_type=\"widget\" data-e-type=\"widget\" data-widget_type=\"image.default\">\n\t\t\t\t<div class=\"elementor-widget-container\">\n\t\t\t\t\t\t\t\t\t\t\t\t\t\t\t<img fetchpriority=\"high\" decoding=\"async\" width=\"225\" height=\"264\" src=\"https:\/\/www.delygoldn.com\/wp-content\/uploads\/2024\/07\/WhatsApp-Image-2024-07-04-at-01.35.05-copie.jpeg\" class=\"attachment-medium size-medium wp-image-565\" alt=\"ALT : Produis cosm\u00e9tiques naturels; la page produits contient des images montrant un baume capillaire sp\u00e9cial tempes d\u00e9garnies, une synergie d&#039;huiles essentielles sp\u00e9ciale tempes d\u00e9ganies, lait capillaire hydratant au gel de Gombo, Shampoing solide, masque au Moringa et Henn\u00e9 neutre, lait-cr\u00e8me hydratant au gel de Lin\" \/>\t\t\t\t\t\t\t\t\t\t\t\t\t\t\t<\/div>\n\t\t\t\t<\/div>\n\t\t\t\t<div class=\"elementor-element elementor-element-97fdf0b elementor-widget elementor-widget-text-editor\" data-id=\"97fdf0b\" data-element_type=\"widget\" data-e-type=\"widget\" data-widget_type=\"text-editor.default\">\n\t\t\t\t<div class=\"elementor-widget-container\">\n\t\t\t\t\t\t\t\t\t<p>Baume capillaire au beurre de mangue, sp\u00e9cial tempes d\u00e9garnies\u00a0<\/p>\t\t\t\t\t\t\t\t<\/div>\n\t\t\t\t<\/div>\n\t\t\t\t<\/div>\n\t\t<div class=\"elementor-element elementor-element-0326822 e-con-full e-flex e-con e-child\" data-id=\"0326822\" data-element_type=\"container\" data-e-type=\"container\">\n\t\t\t\t<div class=\"elementor-element elementor-element-28257c2 elementor-widget elementor-widget-image\" data-id=\"28257c2\" data-element_type=\"widget\" data-e-type=\"widget\" data-widget_type=\"image.default\">\n\t\t\t\t<div class=\"elementor-widget-container\">\n\t\t\t\t\t\t\t\t\t\t\t\t\t\t\t<img decoding=\"async\" width=\"225\" height=\"264\" src=\"https:\/\/www.delygoldn.com\/wp-content\/uploads\/2024\/07\/WhatsApp-Image-2024-07-04-at-10.09.57-copie.jpeg\" class=\"attachment-medium size-medium wp-image-566\" alt=\"\" \/>\t\t\t\t\t\t\t\t\t\t\t\t\t\t\t<\/div>\n\t\t\t\t<\/div>\n\t\t\t\t<div class=\"elementor-element elementor-element-4f12f3d elementor-widget elementor-widget-text-editor\" data-id=\"4f12f3d\" data-element_type=\"widget\" data-e-type=\"widget\" data-widget_type=\"text-editor.default\">\n\t\t\t\t<div class=\"elementor-widget-container\">\n\t\t\t\t\t\t\t\t\t<p>Synergie d&rsquo;huiles essentielles, sp\u00e9ciale tempes d\u00e9garnies\u00a0<\/p>\t\t\t\t\t\t\t\t<\/div>\n\t\t\t\t<\/div>\n\t\t\t\t<\/div>\n\t\t<div class=\"elementor-element elementor-element-c45542f e-con-full e-flex e-con e-child\" data-id=\"c45542f\" data-element_type=\"container\" data-e-type=\"container\">\n\t\t\t\t<div class=\"elementor-element elementor-element-f7445f8 elementor-widget elementor-widget-image\" data-id=\"f7445f8\" data-element_type=\"widget\" data-e-type=\"widget\" data-widget_type=\"image.default\">\n\t\t\t\t<div class=\"elementor-widget-container\">\n\t\t\t\t\t\t\t\t\t\t\t\t\t\t\t<img decoding=\"async\" width=\"225\" height=\"264\" src=\"https:\/\/www.delygoldn.com\/wp-content\/uploads\/2024\/07\/WhatsApp-Image-2024-07-04-at-00.14.39-5.jpeg\" class=\"attachment-medium size-medium wp-image-568\" alt=\"Lait capillaire Hydratant\" \/>\t\t\t\t\t\t\t\t\t\t\t\t\t\t\t<\/div>\n\t\t\t\t<\/div>\n\t\t\t\t<div class=\"elementor-element elementor-element-cfff628 elementor-widget elementor-widget-text-editor\" data-id=\"cfff628\" data-element_type=\"widget\" data-e-type=\"widget\" data-widget_type=\"text-editor.default\">\n\t\t\t\t<div class=\"elementor-widget-container\">\n\t\t\t\t\t\t\t\t\t<p>Lait capillaire hydratant au gel de Gombo, Aloe Vera et aux huiles v\u00e9g\u00e9tales, convient \u00e0 tout type de cheveux\u00a0<\/p>\t\t\t\t\t\t\t\t<\/div>\n\t\t\t\t<\/div>\n\t\t\t\t<\/div>\n\t\t<div class=\"elementor-element elementor-element-027b6d8 e-con-full e-flex e-con e-child\" data-id=\"027b6d8\" data-element_type=\"container\" data-e-type=\"container\">\n\t\t\t\t<div class=\"elementor-element elementor-element-a5fc8c9 elementor-widget elementor-widget-image\" data-id=\"a5fc8c9\" data-element_type=\"widget\" data-e-type=\"widget\" data-widget_type=\"image.default\">\n\t\t\t\t<div class=\"elementor-widget-container\">\n\t\t\t\t\t\t\t\t\t\t\t\t\t\t\t<img loading=\"lazy\" decoding=\"async\" width=\"225\" height=\"264\" src=\"https:\/\/www.delygoldn.com\/wp-content\/uploads\/2024\/07\/WhatsApp-Image-2024-07-04-at-03.14.51-2.jpeg\" class=\"attachment-medium size-medium wp-image-569\" alt=\"\" \/>\t\t\t\t\t\t\t\t\t\t\t\t\t\t\t<\/div>\n\t\t\t\t<\/div>\n\t\t\t\t<div class=\"elementor-element elementor-element-cf6c837 elementor-widget elementor-widget-text-editor\" data-id=\"cf6c837\" data-element_type=\"widget\" data-e-type=\"widget\" data-widget_type=\"text-editor.default\">\n\t\t\t\t<div class=\"elementor-widget-container\">\n\t\t\t\t\t\t\t\t\t<p>Shampooing solide \u00e0 l&rsquo;huile d&rsquo;ail, huile de ricin et aux huiles essentielles de menthe poivr\u00e9e et Tea Tree, convient \u00e0 tout type de cheveux et recommand\u00e9 aux personnes de plus de 16 ans<\/p>\t\t\t\t\t\t\t\t<\/div>\n\t\t\t\t<\/div>\n\t\t\t\t<\/div>\n\t\t<div class=\"elementor-element elementor-element-948c16a e-con-full e-flex e-con e-child\" data-id=\"948c16a\" data-element_type=\"container\" data-e-type=\"container\">\n\t\t\t\t<div class=\"elementor-element elementor-element-f2cb6ec elementor-widget elementor-widget-image\" data-id=\"f2cb6ec\" data-element_type=\"widget\" data-e-type=\"widget\" data-widget_type=\"image.default\">\n\t\t\t\t<div class=\"elementor-widget-container\">\n\t\t\t\t\t\t\t\t\t\t\t\t\t\t\t<img loading=\"lazy\" decoding=\"async\" width=\"225\" height=\"264\" src=\"https:\/\/www.delygoldn.com\/wp-content\/uploads\/2024\/07\/WhatsApp-Image-2024-07-04-at-03.48.47-2.jpeg\" class=\"attachment-medium size-medium wp-image-570\" alt=\"\" \/>\t\t\t\t\t\t\t\t\t\t\t\t\t\t\t<\/div>\n\t\t\t\t<\/div>\n\t\t\t\t<div class=\"elementor-element elementor-element-f8624b4 elementor-widget elementor-widget-text-editor\" data-id=\"f8624b4\" data-element_type=\"widget\" data-e-type=\"widget\" data-widget_type=\"text-editor.default\">\n\t\t\t\t<div class=\"elementor-widget-container\">\n\t\t\t\t\t\t\t\t\t<p>Masque capillaire pour cheveux fins, compos\u00e9 de <a href=\"https:\/\/www.cosmopolitan.fr\/les-remedes-naturels-de-grand-mere-contre-la-chute-de-cheveux,2005488.asp\">poudres<\/a> de Moringa et de Henn\u00e9 neutre, enrichi en huiles v\u00e9g\u00e9tales et Aloe Vera\u00a0<\/p>\t\t\t\t\t\t\t\t<\/div>\n\t\t\t\t<\/div>\n\t\t\t\t<\/div>\n\t\t<div class=\"elementor-element elementor-element-f7243ac e-con-full e-flex e-con e-child\" data-id=\"f7243ac\" data-element_type=\"container\" data-e-type=\"container\">\n\t\t\t\t<div class=\"elementor-element elementor-element-6601b41 elementor-widget elementor-widget-image\" data-id=\"6601b41\" data-element_type=\"widget\" data-e-type=\"widget\" data-widget_type=\"image.default\">\n\t\t\t\t<div class=\"elementor-widget-container\">\n\t\t\t\t\t\t\t\t\t\t\t\t\t\t\t<img loading=\"lazy\" decoding=\"async\" width=\"225\" height=\"264\" src=\"https:\/\/www.delygoldn.com\/wp-content\/uploads\/2024\/07\/WhatsApp-Image-2024-07-04-at-00.15.17-copie.jpeg\" class=\"attachment-medium size-medium wp-image-571\" alt=\"Lait-cr\u00e8me Hydratant au gel de Lin\" \/>\t\t\t\t\t\t\t\t\t\t\t\t\t\t\t<\/div>\n\t\t\t\t<\/div>\n\t\t\t\t<div class=\"elementor-element elementor-element-e8a2cdc elementor-widget elementor-widget-text-editor\" data-id=\"e8a2cdc\" data-element_type=\"widget\" data-e-type=\"widget\" data-widget_type=\"text-editor.default\">\n\t\t\t\t<div class=\"elementor-widget-container\">\n\t\t\t\t\t\t\t\t\t<p>Lait-cr\u00e8me hydratant et nourrissant pour cheveux tr\u00e8s secs, enrichi de trois huiles v\u00e9g\u00e9tales, de beurre de Cacao et de gel de Lin<\/p>\t\t\t\t\t\t\t\t<\/div>\n\t\t\t\t<\/div>\n\t\t\t\t<\/div>\n\t\t\t\t\t<\/div>\n\t\t\t\t<\/div>\n\t\t\t\t<\/div>\n\t\t","protected":false},"excerpt":{"rendered":"<p>Bient\u00f4t : Nos produits cosm\u00e9tiques naturels Baume capillaire au beurre de mangue, sp\u00e9cial tempes d\u00e9garnies\u00a0 Synergie d&rsquo;huiles essentielles, sp\u00e9ciale tempes d\u00e9garnies\u00a0 Lait capillaire hydratant au gel de Gombo, Aloe Vera et aux huiles v\u00e9g\u00e9tales, convient \u00e0 tout type de cheveux\u00a0 Shampooing solide \u00e0 l&rsquo;huile d&rsquo;ail, huile de ricin et aux huiles essentielles de menthe poivr\u00e9e&hellip;&nbsp;<a href=\"https:\/\/www.delygoldn.com\/index.php\/delygoldn-com-produits-cosmetiques-naturels\/\" rel=\"bookmark\">Lire la suite &raquo;<span class=\"screen-reader-text\">Produits<\/span><\/a><\/p>\n","protected":false},"author":1,"featured_media":565,"parent":0,"menu_order":3,"comment_status":"closed","ping_status":"closed","template":"page-templates\/template-pagebuilder-full-width.php","meta":{"_acf_changed":false,"neve_meta_sidebar":"","neve_meta_container":"","neve_meta_enable_content_width":"","neve_meta_content_width":0,"neve_meta_title_alignment":"","neve_meta_author_avatar":"","neve_post_elements_order":"","neve_meta_disable_header":"","neve_meta_disable_footer":"","neve_meta_disable_title":"","footnotes":""},"class_list":["post-338","page","type-page","status-publish","has-post-thumbnail","hentry"],"acf":[],"yoast_head":"<!-- This site is optimized with the Yoast SEO plugin v27.4 - https:\/\/yoast.com\/product\/yoast-seo-wordpress\/ -->\n<title>Produits cosm\u00e9tiques naturels<\/title>\n<meta name=\"description\" content=\"D\u00e9couvrez nos produits cosm\u00e9tiques naturels et soins capillaires. Des solutions efficaces pour des cheveux sains, forts et brillants.\" \/>\n<meta name=\"robots\" content=\"index, follow, max-snippet:-1, max-image-preview:large, max-video-preview:-1\" \/>\n<link rel=\"canonical\" href=\"https:\/\/www.delygoldn.com\/index.php\/delygoldn-com-produits-cosmetiques-naturels\/\" \/>\n<meta property=\"og:locale\" content=\"fr_FR\" \/>\n<meta property=\"og:type\" content=\"article\" \/>\n<meta property=\"og:title\" content=\"Produits cosm\u00e9tiques naturels\" \/>\n<meta property=\"og:description\" content=\"D\u00e9couvrez nos produits cosm\u00e9tiques naturels et soins capillaires. Des solutions efficaces pour des cheveux sains, forts et brillants.\" \/>\n<meta property=\"og:url\" content=\"https:\/\/www.delygoldn.com\/index.php\/delygoldn-com-produits-cosmetiques-naturels\/\" \/>\n<meta property=\"og:site_name\" content=\"Dely Gold&#039;N\" \/>\n<meta property=\"article:modified_time\" content=\"2024-08-12T14:53:30+00:00\" \/>\n<meta property=\"og:image\" content=\"https:\/\/www.delygoldn.com\/wp-content\/uploads\/2024\/07\/WhatsApp-Image-2024-07-04-at-01.35.05-copie.jpeg\" \/>\n\t<meta property=\"og:image:width\" content=\"225\" \/>\n\t<meta property=\"og:image:height\" content=\"264\" \/>\n\t<meta property=\"og:image:type\" content=\"image\/jpeg\" \/>\n<meta name=\"twitter:card\" content=\"summary_large_image\" \/>\n<meta name=\"twitter:label1\" content=\"Dur\u00e9e de lecture estim\u00e9e\" \/>\n\t<meta name=\"twitter:data1\" content=\"2 minutes\" \/>\n<script type=\"application\/ld+json\" class=\"yoast-schema-graph\">{\"@context\":\"https:\\\/\\\/schema.org\",\"@graph\":[{\"@type\":\"WebPage\",\"@id\":\"https:\\\/\\\/www.delygoldn.com\\\/index.php\\\/delygoldn-com-produits-cosmetiques-naturels\\\/\",\"url\":\"https:\\\/\\\/www.delygoldn.com\\\/index.php\\\/delygoldn-com-produits-cosmetiques-naturels\\\/\",\"name\":\"Produits cosm\u00e9tiques naturels\",\"isPartOf\":{\"@id\":\"https:\\\/\\\/www.delygoldn.com\\\/#website\"},\"primaryImageOfPage\":{\"@id\":\"https:\\\/\\\/www.delygoldn.com\\\/index.php\\\/delygoldn-com-produits-cosmetiques-naturels\\\/#primaryimage\"},\"image\":{\"@id\":\"https:\\\/\\\/www.delygoldn.com\\\/index.php\\\/delygoldn-com-produits-cosmetiques-naturels\\\/#primaryimage\"},\"thumbnailUrl\":\"https:\\\/\\\/www.delygoldn.com\\\/wp-content\\\/uploads\\\/2024\\\/07\\\/WhatsApp-Image-2024-07-04-at-01.35.05-copie.jpeg\",\"datePublished\":\"2024-06-25T05:14:39+00:00\",\"dateModified\":\"2024-08-12T14:53:30+00:00\",\"description\":\"D\u00e9couvrez nos produits cosm\u00e9tiques naturels et soins capillaires. Des solutions efficaces pour des cheveux sains, forts et brillants.\",\"breadcrumb\":{\"@id\":\"https:\\\/\\\/www.delygoldn.com\\\/index.php\\\/delygoldn-com-produits-cosmetiques-naturels\\\/#breadcrumb\"},\"inLanguage\":\"fr-FR\",\"potentialAction\":[{\"@type\":\"ReadAction\",\"target\":[\"https:\\\/\\\/www.delygoldn.com\\\/index.php\\\/delygoldn-com-produits-cosmetiques-naturels\\\/\"]}]},{\"@type\":\"ImageObject\",\"inLanguage\":\"fr-FR\",\"@id\":\"https:\\\/\\\/www.delygoldn.com\\\/index.php\\\/delygoldn-com-produits-cosmetiques-naturels\\\/#primaryimage\",\"url\":\"https:\\\/\\\/www.delygoldn.com\\\/wp-content\\\/uploads\\\/2024\\\/07\\\/WhatsApp-Image-2024-07-04-at-01.35.05-copie.jpeg\",\"contentUrl\":\"https:\\\/\\\/www.delygoldn.com\\\/wp-content\\\/uploads\\\/2024\\\/07\\\/WhatsApp-Image-2024-07-04-at-01.35.05-copie.jpeg\",\"width\":225,\"height\":264,\"caption\":\"ALT : Produis cosm\u00e9tiques naturels; la page produits contient des images montrant un baume capillaire sp\u00e9cial tempes d\u00e9garnies, une synergie d'huiles essentielles sp\u00e9ciale tempes d\u00e9ganies, lait capillaire hydratant au gel de Gombo, Shampoing solide, masque au Moringa et Henn\u00e9 neutre, lait-cr\u00e8me hydratant au gel de Lin\"},{\"@type\":\"BreadcrumbList\",\"@id\":\"https:\\\/\\\/www.delygoldn.com\\\/index.php\\\/delygoldn-com-produits-cosmetiques-naturels\\\/#breadcrumb\",\"itemListElement\":[{\"@type\":\"ListItem\",\"position\":1,\"name\":\"Accueil\",\"item\":\"https:\\\/\\\/www.delygoldn.com\\\/\"},{\"@type\":\"ListItem\",\"position\":2,\"name\":\"Produits\"}]},{\"@type\":\"WebSite\",\"@id\":\"https:\\\/\\\/www.delygoldn.com\\\/#website\",\"url\":\"https:\\\/\\\/www.delygoldn.com\\\/\",\"name\":\"Dely Gold'N\",\"description\":\"Votre nature\",\"publisher\":{\"@id\":\"https:\\\/\\\/www.delygoldn.com\\\/#organization\"},\"potentialAction\":[{\"@type\":\"SearchAction\",\"target\":{\"@type\":\"EntryPoint\",\"urlTemplate\":\"https:\\\/\\\/www.delygoldn.com\\\/?s={search_term_string}\"},\"query-input\":{\"@type\":\"PropertyValueSpecification\",\"valueRequired\":true,\"valueName\":\"search_term_string\"}}],\"inLanguage\":\"fr-FR\"},{\"@type\":\"Organization\",\"@id\":\"https:\\\/\\\/www.delygoldn.com\\\/#organization\",\"name\":\"Dely Gold'N\",\"url\":\"https:\\\/\\\/www.delygoldn.com\\\/\",\"logo\":{\"@type\":\"ImageObject\",\"inLanguage\":\"fr-FR\",\"@id\":\"https:\\\/\\\/www.delygoldn.com\\\/#\\\/schema\\\/logo\\\/image\\\/\",\"url\":\"https:\\\/\\\/www.delygoldn.com\\\/wp-content\\\/uploads\\\/2024\\\/06\\\/LOGO-1.png\",\"contentUrl\":\"https:\\\/\\\/www.delygoldn.com\\\/wp-content\\\/uploads\\\/2024\\\/06\\\/LOGO-1.png\",\"width\":1576,\"height\":1576,\"caption\":\"Dely Gold'N\"},\"image\":{\"@id\":\"https:\\\/\\\/www.delygoldn.com\\\/#\\\/schema\\\/logo\\\/image\\\/\"},\"sameAs\":[\"https:\\\/\\\/www.instagram.com\\\/mode_ly1?igsh=anh5bGZvYzB1cjBx&utm_source=qr\",\"https:\\\/\\\/wa.me\\\/33745951310\",\"https:\\\/\\\/t.me\\\/Dely_GoldN\"]}]}<\/script>\n<!-- \/ Yoast SEO plugin. -->","yoast_head_json":{"title":"Produits cosm\u00e9tiques naturels","description":"D\u00e9couvrez nos produits cosm\u00e9tiques naturels et soins capillaires. Des solutions efficaces pour des cheveux sains, forts et brillants.","robots":{"index":"index","follow":"follow","max-snippet":"max-snippet:-1","max-image-preview":"max-image-preview:large","max-video-preview":"max-video-preview:-1"},"canonical":"https:\/\/www.delygoldn.com\/index.php\/delygoldn-com-produits-cosmetiques-naturels\/","og_locale":"fr_FR","og_type":"article","og_title":"Produits cosm\u00e9tiques naturels","og_description":"D\u00e9couvrez nos produits cosm\u00e9tiques naturels et soins capillaires. Des solutions efficaces pour des cheveux sains, forts et brillants.","og_url":"https:\/\/www.delygoldn.com\/index.php\/delygoldn-com-produits-cosmetiques-naturels\/","og_site_name":"Dely Gold&#039;N","article_modified_time":"2024-08-12T14:53:30+00:00","og_image":[{"width":225,"height":264,"url":"https:\/\/www.delygoldn.com\/wp-content\/uploads\/2024\/07\/WhatsApp-Image-2024-07-04-at-01.35.05-copie.jpeg","type":"image\/jpeg"}],"twitter_card":"summary_large_image","twitter_misc":{"Dur\u00e9e de lecture estim\u00e9e":"2 minutes"},"schema":{"@context":"https:\/\/schema.org","@graph":[{"@type":"WebPage","@id":"https:\/\/www.delygoldn.com\/index.php\/delygoldn-com-produits-cosmetiques-naturels\/","url":"https:\/\/www.delygoldn.com\/index.php\/delygoldn-com-produits-cosmetiques-naturels\/","name":"Produits cosm\u00e9tiques naturels","isPartOf":{"@id":"https:\/\/www.delygoldn.com\/#website"},"primaryImageOfPage":{"@id":"https:\/\/www.delygoldn.com\/index.php\/delygoldn-com-produits-cosmetiques-naturels\/#primaryimage"},"image":{"@id":"https:\/\/www.delygoldn.com\/index.php\/delygoldn-com-produits-cosmetiques-naturels\/#primaryimage"},"thumbnailUrl":"https:\/\/www.delygoldn.com\/wp-content\/uploads\/2024\/07\/WhatsApp-Image-2024-07-04-at-01.35.05-copie.jpeg","datePublished":"2024-06-25T05:14:39+00:00","dateModified":"2024-08-12T14:53:30+00:00","description":"D\u00e9couvrez nos produits cosm\u00e9tiques naturels et soins capillaires. Des solutions efficaces pour des cheveux sains, forts et brillants.","breadcrumb":{"@id":"https:\/\/www.delygoldn.com\/index.php\/delygoldn-com-produits-cosmetiques-naturels\/#breadcrumb"},"inLanguage":"fr-FR","potentialAction":[{"@type":"ReadAction","target":["https:\/\/www.delygoldn.com\/index.php\/delygoldn-com-produits-cosmetiques-naturels\/"]}]},{"@type":"ImageObject","inLanguage":"fr-FR","@id":"https:\/\/www.delygoldn.com\/index.php\/delygoldn-com-produits-cosmetiques-naturels\/#primaryimage","url":"https:\/\/www.delygoldn.com\/wp-content\/uploads\/2024\/07\/WhatsApp-Image-2024-07-04-at-01.35.05-copie.jpeg","contentUrl":"https:\/\/www.delygoldn.com\/wp-content\/uploads\/2024\/07\/WhatsApp-Image-2024-07-04-at-01.35.05-copie.jpeg","width":225,"height":264,"caption":"ALT : Produis cosm\u00e9tiques naturels; la page produits contient des images montrant un baume capillaire sp\u00e9cial tempes d\u00e9garnies, une synergie d'huiles essentielles sp\u00e9ciale tempes d\u00e9ganies, lait capillaire hydratant au gel de Gombo, Shampoing solide, masque au Moringa et Henn\u00e9 neutre, lait-cr\u00e8me hydratant au gel de Lin"},{"@type":"BreadcrumbList","@id":"https:\/\/www.delygoldn.com\/index.php\/delygoldn-com-produits-cosmetiques-naturels\/#breadcrumb","itemListElement":[{"@type":"ListItem","position":1,"name":"Accueil","item":"https:\/\/www.delygoldn.com\/"},{"@type":"ListItem","position":2,"name":"Produits"}]},{"@type":"WebSite","@id":"https:\/\/www.delygoldn.com\/#website","url":"https:\/\/www.delygoldn.com\/","name":"Dely Gold'N","description":"Votre nature","publisher":{"@id":"https:\/\/www.delygoldn.com\/#organization"},"potentialAction":[{"@type":"SearchAction","target":{"@type":"EntryPoint","urlTemplate":"https:\/\/www.delygoldn.com\/?s={search_term_string}"},"query-input":{"@type":"PropertyValueSpecification","valueRequired":true,"valueName":"search_term_string"}}],"inLanguage":"fr-FR"},{"@type":"Organization","@id":"https:\/\/www.delygoldn.com\/#organization","name":"Dely Gold'N","url":"https:\/\/www.delygoldn.com\/","logo":{"@type":"ImageObject","inLanguage":"fr-FR","@id":"https:\/\/www.delygoldn.com\/#\/schema\/logo\/image\/","url":"https:\/\/www.delygoldn.com\/wp-content\/uploads\/2024\/06\/LOGO-1.png","contentUrl":"https:\/\/www.delygoldn.com\/wp-content\/uploads\/2024\/06\/LOGO-1.png","width":1576,"height":1576,"caption":"Dely Gold'N"},"image":{"@id":"https:\/\/www.delygoldn.com\/#\/schema\/logo\/image\/"},"sameAs":["https:\/\/www.instagram.com\/mode_ly1?igsh=anh5bGZvYzB1cjBx&utm_source=qr","https:\/\/wa.me\/33745951310","https:\/\/t.me\/Dely_GoldN"]}]}},"_links":{"self":[{"href":"https:\/\/www.delygoldn.com\/index.php\/wp-json\/wp\/v2\/pages\/338","targetHints":{"allow":["GET"]}}],"collection":[{"href":"https:\/\/www.delygoldn.com\/index.php\/wp-json\/wp\/v2\/pages"}],"about":[{"href":"https:\/\/www.delygoldn.com\/index.php\/wp-json\/wp\/v2\/types\/page"}],"author":[{"embeddable":true,"href":"https:\/\/www.delygoldn.com\/index.php\/wp-json\/wp\/v2\/users\/1"}],"replies":[{"embeddable":true,"href":"https:\/\/www.delygoldn.com\/index.php\/wp-json\/wp\/v2\/comments?post=338"}],"version-history":[{"count":172,"href":"https:\/\/www.delygoldn.com\/index.php\/wp-json\/wp\/v2\/pages\/338\/revisions"}],"predecessor-version":[{"id":4328,"href":"https:\/\/www.delygoldn.com\/index.php\/wp-json\/wp\/v2\/pages\/338\/revisions\/4328"}],"wp:featuredmedia":[{"embeddable":true,"href":"https:\/\/www.delygoldn.com\/index.php\/wp-json\/wp\/v2\/media\/565"}],"wp:attachment":[{"href":"https:\/\/www.delygoldn.com\/index.php\/wp-json\/wp\/v2\/media?parent=338"}],"curies":[{"name":"wp","href":"https:\/\/api.w.org\/{rel}","templated":true}]}}